{"id":4841,"date":"2026-01-07T13:17:04","date_gmt":"2026-01-07T12:17:04","guid":{"rendered":"https:\/\/geschwister-scholl-schule-niedergirmes.de\/?page_id=4841"},"modified":"2026-01-07T13:17:04","modified_gmt":"2026-01-07T12:17:04","slug":"ausflug-in-den-weilburger-tierpark","status":"publish","type":"page","link":"https:\/\/geschwister-scholl-schule-niedergirmes.de\/?page_id=4841","title":{"rendered":"Ausflug in den Weilburger Tierpark"},"content":{"rendered":"<p>Am 05.07.2023 unternahmen die Kinder der Jahrgangsstufe E1 und der Igelklasse, unsere Deutsch-Intensivklasse, mit ihren Lehrerinnen und Lehrern ihren ersten Ausflug mit dem Bus in den Weilburger Tierpark. Nachdem sich alle bereits um 7:50Uhr auf dem Schulhof getroffen hatten, ging es klassenweise zur Bushaltestelle, an der bereits unsere beiden Busse auf uns warteten. Nach einer ca. 40min\u00fctigen Busfahrt kamen wir im Tierpark an. Bis zum Beginn unserer F\u00fchrungen konnten sich die Kinder erstmal mit ihrem Fr\u00fchst\u00fcck st\u00e4rken und noch etwas auf dem Spielplatz spielen.<\/p>\n<p>Bei der F\u00fchrung erhielten die Kinder viele Informationen \u00fcber W\u00f6lfe, Luchse, B\u00e4ren und die Fischotter. Am Wolfsgehege konnten die Kinder bei der F\u00fctterung zusehen und dabei die W\u00f6lfe aus der N\u00e4he betrachten. Auch die Luchse haben sich von ihrer besten Seite gezeigt und wurden von den Kindern bewundert. Am B\u00e4rengehege waren die B\u00e4ren ebenfalls gut zu sehen. An der letzten Station sorgten die drolligen Fischotter, namens Heinz und Rita bei ihrer F\u00fctterung ebenfalls f\u00fcr gro\u00dfe Begeisterung bei den Kindern.<\/p>\n<p>Nachdem die F\u00fchrung bei den Fischottern beendet war, ging es noch zum Schwarzwildgehege, wo die Wildschweine und deren Frischlinge beobachtet wurden<\/p>\n<p>Zum Schluss durften sich die Kinder nochmal auf dem Spielplatz austoben und bei einer zweiten Fr\u00fchst\u00fcckszeit f\u00fcr die R\u00fcckfahrt st\u00e4rken. Um 12Uhr ging es mit vielen neuen Eindr\u00fccken nach einem sch\u00f6nen und erlebnisreichen Tag wieder mit dem Bus zur\u00fcck zur Schule.<\/p>\n","protected":false},"excerpt":{"rendered":"<p>Am 05.07.2023 unternahmen die Kinder der Jahrgangsstufe E1 und der Igelklasse, unsere Deutsch-Intensivklasse, mit ihren Lehrerinnen und Lehrern ihren ersten Ausflug mit dem Bus in den Weilburger Tierpark. Nachdem sich alle bereits um 7:50Uhr auf dem Schulhof getroffen hatten, ging es klassenweise zur Bushaltestelle, an der bereits unsere beiden Busse auf uns warteten. Nach einer ca. 40min\u00fctigen Busfahrt kamen wir im Tierpark an. Bis zum Beginn unserer F\u00fchrungen konnten sich die Kinder erstmal mit ihrem Fr\u00fchst\u00fcck st\u00e4rken und noch etwas auf dem Spielplatz spielen. Bei der F\u00fchrung erhielten die Kinder viele Informationen \u00fcber W\u00f6lfe, Luchse, B\u00e4ren und die Fischotter. Am Wolfsgehege konnten die Kinder bei der F\u00fctterung zusehen und dabei die W\u00f6lfe aus der N\u00e4he betrachten. Auch die Luchse haben sich von ihrer besten Seite gezeigt und wurden von den Kindern bewundert. Am B\u00e4rengehege waren die B\u00e4ren ebenfalls gut zu sehen. An der letzten Station sorgten die drolligen Fischotter, namens Heinz und Rita bei ihrer F\u00fctterung ebenfalls f\u00fcr gro\u00dfe Begeisterung bei den Kindern. Nachdem die F\u00fchrung bei den Fischottern beendet war, ging es noch zum Schwarzwildgehege, wo die Wildschweine und deren Frischlinge beobachtet wurden Zum Schluss durften sich die Kinder nochmal auf dem Spielplatz austoben und bei einer zweiten Fr\u00fchst\u00fcckszeit f\u00fcr die R\u00fcckfahrt st\u00e4rken. Um 12Uhr ging es mit vielen neuen Eindr\u00fccken nach einem sch\u00f6nen und erlebnisreichen Tag wieder mit dem Bus zur\u00fcck zur Schule.<\/p>\n","protected":false},"author":1,"featured_media":0,"parent":0,"menu_order":0,"comment_status":"closed","ping_status":"closed","template":"","meta":{"footnotes":""},"class_list":["post-4841","page","type-page","status-publish","hentry"],"_links":{"self":[{"href":"https:\/\/geschwister-scholl-schule-niedergirmes.de\/index.php?rest_route=\/wp\/v2\/pages\/4841","targetHints":{"allow":["GET"]}}],"collection":[{"href":"https:\/\/geschwister-scholl-schule-niedergirmes.de\/index.php?rest_route=\/wp\/v2\/pages"}],"about":[{"href":"https:\/\/geschwister-scholl-schule-niedergirmes.de\/index.php?rest_route=\/wp\/v2\/types\/page"}],"author":[{"embeddable":true,"href":"https:\/\/geschwister-scholl-schule-niedergirmes.de\/index.php?rest_route=\/wp\/v2\/users\/1"}],"replies":[{"embeddable":true,"href":"https:\/\/geschwister-scholl-schule-niedergirmes.de\/index.php?rest_route=%2Fwp%2Fv2%2Fcomments&post=4841"}],"version-history":[{"count":1,"href":"https:\/\/geschwister-scholl-schule-niedergirmes.de\/index.php?rest_route=\/wp\/v2\/pages\/4841\/revisions"}],"predecessor-version":[{"id":4843,"href":"https:\/\/geschwister-scholl-schule-niedergirmes.de\/index.php?rest_route=\/wp\/v2\/pages\/4841\/revisions\/4843"}],"wp:attachment":[{"href":"https:\/\/geschwister-scholl-schule-niedergirmes.de\/index.php?rest_route=%2Fwp%2Fv2%2Fmedia&parent=4841"}],"curies":[{"name":"wp","href":"https:\/\/api.w.org\/{rel}","templated":true}]}}