{"id":4835,"date":"2026-01-07T13:16:32","date_gmt":"2026-01-07T12:16:32","guid":{"rendered":"https:\/\/geschwister-scholl-schule-niedergirmes.de\/?page_id=4835"},"modified":"2026-01-07T13:16:32","modified_gmt":"2026-01-07T12:16:32","slug":"die-wissensshow-zu-gast-an-der-geschwister-scholl-schule","status":"publish","type":"page","link":"https:\/\/geschwister-scholl-schule-niedergirmes.de\/?page_id=4835","title":{"rendered":"Die &#8222;Wissensshow&#8220; zu Gast an der Geschwister Scholl Schule"},"content":{"rendered":"<p>Am Donnerstag, den 22.06.23 war die Wissensshow &#8222;Feuerball und Wasserschwall&#8220; mit spannenden Experimenten zu den vier Elementen zu Gast an der Geschwister Scholl Schule. In zwei Vorf\u00fchrungen konnten die Kinder der Jahrgangsstufen E1-4 faszinierende Experimente hautnah erleben und kamen teilweise aus dem Staunen nicht mehr heraus. In verschiedenen Experimenten lernten die Kinder u.a., dass die Zentrifugalkraft daf\u00fcr sorgt, dass ein Wasserglas nicht von einem Tablett fallen kann, wenn es im Kreis durch die Luft gewirbelt wird oder eine Rakete nur durch Luftdruck angetrieben \u00fcber die K\u00f6pfe der Kinder hinweg durch die Turnhalle fliegen kann. Mit gro\u00dfer Spannung wurde auf den Ausgang des Experimentes gewartet, bei dem ein Wassergef\u00e4\u00df mit einem aufgeblasenen Luftballon verschlossen, \u00fcber dem Kopf eines M\u00e4dchens umgedreht wurde. Sollte es f\u00fcr das Kind zu einer unfreiwilligen Dusche kommen? Zum Gl\u00fcck wurde das Wassergef\u00e4\u00df durch den Luftballon so gut abgedichtet, dass die Sch\u00fclerin nicht nass werden musste und erleichtert aufatmen konnte. Das Experiment war gegl\u00fcckt.<\/p>\n<p>Nach spannenden und unterhaltsamen 45 Minuten war die Show leider schon vorbei. Den Kindern und ihren Lehrkr\u00e4ften hat die Show auf jeden Fall viel Freude bereitet und wird allen noch lange in Erinnerung bleiben.<\/p>\n","protected":false},"excerpt":{"rendered":"<p>Am Donnerstag, den 22.06.23 war die Wissensshow &#8222;Feuerball und Wasserschwall&#8220; mit spannenden Experimenten zu den vier Elementen zu Gast an der Geschwister Scholl Schule. In zwei Vorf\u00fchrungen konnten die Kinder der Jahrgangsstufen E1-4 faszinierende Experimente hautnah erleben und kamen teilweise aus dem Staunen nicht mehr heraus. In verschiedenen Experimenten lernten die Kinder u.a., dass die Zentrifugalkraft daf\u00fcr sorgt, dass ein Wasserglas nicht von einem Tablett fallen kann, wenn es im Kreis durch die Luft gewirbelt wird oder eine Rakete nur durch Luftdruck angetrieben \u00fcber die K\u00f6pfe der Kinder hinweg durch die Turnhalle fliegen kann. Mit gro\u00dfer Spannung wurde auf den Ausgang des Experimentes gewartet, bei dem ein Wassergef\u00e4\u00df mit einem aufgeblasenen Luftballon verschlossen, \u00fcber dem Kopf eines M\u00e4dchens umgedreht wurde. Sollte es f\u00fcr das Kind zu einer unfreiwilligen Dusche kommen? Zum Gl\u00fcck wurde das Wassergef\u00e4\u00df durch den Luftballon so gut abgedichtet, dass die Sch\u00fclerin nicht nass werden musste und erleichtert aufatmen konnte. Das Experiment war gegl\u00fcckt. Nach spannenden und unterhaltsamen 45 Minuten war die Show leider schon vorbei. Den Kindern und ihren Lehrkr\u00e4ften hat die Show auf jeden Fall viel Freude bereitet und wird allen noch lange in Erinnerung bleiben.<\/p>\n","protected":false},"author":1,"featured_media":0,"parent":0,"menu_order":0,"comment_status":"closed","ping_status":"closed","template":"","meta":{"footnotes":""},"class_list":["post-4835","page","type-page","status-publish","hentry"],"_links":{"self":[{"href":"https:\/\/geschwister-scholl-schule-niedergirmes.de\/index.php?rest_route=\/wp\/v2\/pages\/4835","targetHints":{"allow":["GET"]}}],"collection":[{"href":"https:\/\/geschwister-scholl-schule-niedergirmes.de\/index.php?rest_route=\/wp\/v2\/pages"}],"about":[{"href":"https:\/\/geschwister-scholl-schule-niedergirmes.de\/index.php?rest_route=\/wp\/v2\/types\/page"}],"author":[{"embeddable":true,"href":"https:\/\/geschwister-scholl-schule-niedergirmes.de\/index.php?rest_route=\/wp\/v2\/users\/1"}],"replies":[{"embeddable":true,"href":"https:\/\/geschwister-scholl-schule-niedergirmes.de\/index.php?rest_route=%2Fwp%2Fv2%2Fcomments&post=4835"}],"version-history":[{"count":1,"href":"https:\/\/geschwister-scholl-schule-niedergirmes.de\/index.php?rest_route=\/wp\/v2\/pages\/4835\/revisions"}],"predecessor-version":[{"id":4837,"href":"https:\/\/geschwister-scholl-schule-niedergirmes.de\/index.php?rest_route=\/wp\/v2\/pages\/4835\/revisions\/4837"}],"wp:attachment":[{"href":"https:\/\/geschwister-scholl-schule-niedergirmes.de\/index.php?rest_route=%2Fwp%2Fv2%2Fmedia&parent=4835"}],"curies":[{"name":"wp","href":"https:\/\/api.w.org\/{rel}","templated":true}]}}