{"id":4832,"date":"2026-01-07T13:16:20","date_gmt":"2026-01-07T12:16:20","guid":{"rendered":"https:\/\/geschwister-scholl-schule-niedergirmes.de\/?page_id=4832"},"modified":"2026-01-07T13:16:20","modified_gmt":"2026-01-07T12:16:20","slug":"ausflug-zur-ausstellung-mathe-magie-im-forum-wetzlar","status":"publish","type":"page","link":"https:\/\/geschwister-scholl-schule-niedergirmes.de\/?page_id=4832","title":{"rendered":"Ausflug zur Ausstellung \u00a0&#8222;Mathe Magie&#8220; im Forum Wetzlar"},"content":{"rendered":"<p>Am Donnerstag, den 01.06.23 besuchte die Klasse E1a mit ihren Lehrerinnen Frau Fritsch und Frau Heinz die Ausstellung &#8222;Mathe Magie&#8220; im Forum Wetzlar. Nachdem den Kindern in einer ca. 30 min\u00fctigen F\u00fchrung die altersgem\u00e4\u00dfen Exponate erkl\u00e4rt worden sind, konnten diese von den Kindern noch in Ruhe ausprobiert werden. Zum Abschluss konnten sich die Kinder noch mit einem Eis st\u00e4rken, bevor es zur\u00fcck zur Schule ging.<\/p>\n<p>Am Montag, den 05.06.23 unternahmen die Klassen E1c mit Herrn Christ und Frau Br\u00fcckmann, die Klasse 3a mit Frau Karafoulidis und die Familienklasse mit Frau Schmidt ebenfalls einen Ausflug zur &#8222;Mathe Magie&#8220;, um mit den Kindern die Exponate zu entdecken und auszuprobieren.<\/p>\n","protected":false},"excerpt":{"rendered":"<p>Am Donnerstag, den 01.06.23 besuchte die Klasse E1a mit ihren Lehrerinnen Frau Fritsch und Frau Heinz die Ausstellung &#8222;Mathe Magie&#8220; im Forum Wetzlar. Nachdem den Kindern in einer ca. 30 min\u00fctigen F\u00fchrung die altersgem\u00e4\u00dfen Exponate erkl\u00e4rt worden sind, konnten diese von den Kindern noch in Ruhe ausprobiert werden. Zum Abschluss konnten sich die Kinder noch mit einem Eis st\u00e4rken, bevor es zur\u00fcck zur Schule ging. Am Montag, den 05.06.23 unternahmen die Klassen E1c mit Herrn Christ und Frau Br\u00fcckmann, die Klasse 3a mit Frau Karafoulidis und die Familienklasse mit Frau Schmidt ebenfalls einen Ausflug zur &#8222;Mathe Magie&#8220;, um mit den Kindern die Exponate zu entdecken und auszuprobieren.<\/p>\n","protected":false},"author":1,"featured_media":0,"parent":0,"menu_order":0,"comment_status":"closed","ping_status":"closed","template":"","meta":{"footnotes":""},"class_list":["post-4832","page","type-page","status-publish","hentry"],"_links":{"self":[{"href":"https:\/\/geschwister-scholl-schule-niedergirmes.de\/index.php?rest_route=\/wp\/v2\/pages\/4832","targetHints":{"allow":["GET"]}}],"collection":[{"href":"https:\/\/geschwister-scholl-schule-niedergirmes.de\/index.php?rest_route=\/wp\/v2\/pages"}],"about":[{"href":"https:\/\/geschwister-scholl-schule-niedergirmes.de\/index.php?rest_route=\/wp\/v2\/types\/page"}],"author":[{"embeddable":true,"href":"https:\/\/geschwister-scholl-schule-niedergirmes.de\/index.php?rest_route=\/wp\/v2\/users\/1"}],"replies":[{"embeddable":true,"href":"https:\/\/geschwister-scholl-schule-niedergirmes.de\/index.php?rest_route=%2Fwp%2Fv2%2Fcomments&post=4832"}],"version-history":[{"count":1,"href":"https:\/\/geschwister-scholl-schule-niedergirmes.de\/index.php?rest_route=\/wp\/v2\/pages\/4832\/revisions"}],"predecessor-version":[{"id":4834,"href":"https:\/\/geschwister-scholl-schule-niedergirmes.de\/index.php?rest_route=\/wp\/v2\/pages\/4832\/revisions\/4834"}],"wp:attachment":[{"href":"https:\/\/geschwister-scholl-schule-niedergirmes.de\/index.php?rest_route=%2Fwp%2Fv2%2Fmedia&parent=4832"}],"curies":[{"name":"wp","href":"https:\/\/api.w.org\/{rel}","templated":true}]}}