{"id":4829,"date":"2026-01-07T13:16:08","date_gmt":"2026-01-07T12:16:08","guid":{"rendered":"https:\/\/geschwister-scholl-schule-niedergirmes.de\/?page_id=4829"},"modified":"2026-01-07T13:16:08","modified_gmt":"2026-01-07T12:16:08","slug":"ganztagskinder-der-loewenklasse-e1a-pflanzen-fruehblueher","status":"publish","type":"page","link":"https:\/\/geschwister-scholl-schule-niedergirmes.de\/?page_id=4829","title":{"rendered":"Ganztagskinder der L\u00f6wenklasse (E1a) pflanzen Fr\u00fchbl\u00fcher"},"content":{"rendered":"<p>Am Donnerstag, den 20.10.22 haben die Ganztagskinder der L\u00f6wenklasse (E1a) gemeinsam mit Frau Heinz Blumenzwiebeln auf dem Wiesenst\u00fcck zwischen den beiden Eingangsstufengeb\u00e4uden eingepflanzt. Bevor die Kinder mit dem Einsetzen der Blumenzwiebeln beginnen konnten, mussten diese nat\u00fcrlich erstmal in die H\u00e4nde genommen und ganz genau angeschaut werden. Nachdem die Kinder erfahren haben, das aus den Blumenzwiebeln im Fr\u00fchjahr Tulpen und Osterglocken wachsen werden, konnte es endlich losgehen. Jedes Kind konnte ein kleines Loch f\u00fcr seine Blumenzwiebel ausheben, diese dann hineinsetzen und wieder mit Erde bedecken. Die Kinder hatten viel Spa\u00df an dieser Aktion und sind schon jetzt gespannt, wann sie die ersten Tulpen und Narzissen im Fr\u00fchjahr entdecken und bewundern k\u00f6nnen.<\/p>\n<p>&nbsp;<\/p>\n","protected":false},"excerpt":{"rendered":"<p>Am Donnerstag, den 20.10.22 haben die Ganztagskinder der L\u00f6wenklasse (E1a) gemeinsam mit Frau Heinz Blumenzwiebeln auf dem Wiesenst\u00fcck zwischen den beiden Eingangsstufengeb\u00e4uden eingepflanzt. Bevor die Kinder mit dem Einsetzen der Blumenzwiebeln beginnen konnten, mussten diese nat\u00fcrlich erstmal in die H\u00e4nde genommen und ganz genau angeschaut werden. Nachdem die Kinder erfahren haben, das aus den Blumenzwiebeln im Fr\u00fchjahr Tulpen und Osterglocken wachsen werden, konnte es endlich losgehen. Jedes Kind konnte ein kleines Loch f\u00fcr seine Blumenzwiebel ausheben, diese dann hineinsetzen und wieder mit Erde bedecken. Die Kinder hatten viel Spa\u00df an dieser Aktion und sind schon jetzt gespannt, wann sie die ersten Tulpen und Narzissen im Fr\u00fchjahr entdecken und bewundern k\u00f6nnen. &nbsp;<\/p>\n","protected":false},"author":1,"featured_media":0,"parent":0,"menu_order":0,"comment_status":"closed","ping_status":"closed","template":"","meta":{"footnotes":""},"class_list":["post-4829","page","type-page","status-publish","hentry"],"_links":{"self":[{"href":"https:\/\/geschwister-scholl-schule-niedergirmes.de\/index.php?rest_route=\/wp\/v2\/pages\/4829","targetHints":{"allow":["GET"]}}],"collection":[{"href":"https:\/\/geschwister-scholl-schule-niedergirmes.de\/index.php?rest_route=\/wp\/v2\/pages"}],"about":[{"href":"https:\/\/geschwister-scholl-schule-niedergirmes.de\/index.php?rest_route=\/wp\/v2\/types\/page"}],"author":[{"embeddable":true,"href":"https:\/\/geschwister-scholl-schule-niedergirmes.de\/index.php?rest_route=\/wp\/v2\/users\/1"}],"replies":[{"embeddable":true,"href":"https:\/\/geschwister-scholl-schule-niedergirmes.de\/index.php?rest_route=%2Fwp%2Fv2%2Fcomments&post=4829"}],"version-history":[{"count":1,"href":"https:\/\/geschwister-scholl-schule-niedergirmes.de\/index.php?rest_route=\/wp\/v2\/pages\/4829\/revisions"}],"predecessor-version":[{"id":4831,"href":"https:\/\/geschwister-scholl-schule-niedergirmes.de\/index.php?rest_route=\/wp\/v2\/pages\/4829\/revisions\/4831"}],"wp:attachment":[{"href":"https:\/\/geschwister-scholl-schule-niedergirmes.de\/index.php?rest_route=%2Fwp%2Fv2%2Fmedia&parent=4829"}],"curies":[{"name":"wp","href":"https:\/\/api.w.org\/{rel}","templated":true}]}}