{"id":4822,"date":"2026-01-07T09:40:22","date_gmt":"2026-01-07T08:40:22","guid":{"rendered":"https:\/\/geschwister-scholl-schule-niedergirmes.de\/?page_id=4822"},"modified":"2026-01-07T09:40:22","modified_gmt":"2026-01-07T08:40:22","slug":"mathematikwettbewerb-kaenguru-der-mathematik-preisverleihung","status":"publish","type":"page","link":"https:\/\/geschwister-scholl-schule-niedergirmes.de\/?page_id=4822","title":{"rendered":"Mathematikwettbewerb K\u00e4nguru der Mathematik &#8211; Preisverleihung"},"content":{"rendered":"<p>Am diesj\u00e4hrigen Mathematikwettbewerb K\u00e4nguru der Mathematik haben insgesamt 25 Sch\u00fclerinnen und Sch\u00fcler aus den Jahrgangsstufen 3 und 4 teilgenommen. Am K\u00e4ngurutag wurde flei\u00dfig geknobelt und gerechnet. Die langersehnten Urkunden und Preise sind mittlerweile an unserer Schule eingetroffen und konnten den Kindern am 19.06.2024 in einer Preisverleihung offiziell \u00fcberreicht werden.<\/p>\n<p>In der Jahrgangsstufe 3 konnten Frida Groh (77 Punkte, 3c), Elahe Hagjoo (76 Punkte, 3c)\u00a0 und Damian Schuler (68,25 Punkte, 3a) die besten Ergebnisse erzielen. In der Jahrgangsstufe 4 erreichten\u00a0\u00a0\u00a0\u00a0\u00a0\u00a0\u00a0\u00a0\u00a0\u00a0\u00a0\u00a0\u00a0\u00a0\u00a0\u00a0\u00a0\u00a0 Mohamad Hussein Hasan (4c) und Leon Sarbach (4c) punktgleich mit 66,25 Punkten das beste Ergebnis, gefolgt von Pooriya Narouie (62,5 Punkten, 4 c ) und Melih Evli (59,75 Punkten, 4 b).<\/p>\n<p>Den Preis f\u00fcr den weitesten K\u00e4ngurusprung, die gr\u00f6\u00dfte Anzahl von aufeinander folgenden richtig gel\u00f6sten Aufgaben erhielt Melih Evli.<\/p>\n<p>Besonders stolz sind wir auf die Ergebnisse von Frida Groh und Elahe Hagjoo, die mit ihren Ergebnissen zu den bundesweit besten 5 Prozent aller Teilnehmerinnen und Teilnehmer ihrer\u00a0 Jahrgangsstufe z\u00e4hlen und unter diesen mit ihren Leistungen jeweils einen 3. Platz belegen konnten. F\u00fcr ihre Leistung wurden die Beiden mit einem Sonderpreis geehrt. Alle Kinder erhielten als Anerkennung f\u00fcr Ihre Leistung eine Urkunde, ein Heft mit den Aufgaben und L\u00f6sungen von 2024, sowie ein tolles Knobelspiel.<\/p>\n","protected":false},"excerpt":{"rendered":"<p>Am diesj\u00e4hrigen Mathematikwettbewerb K\u00e4nguru der Mathematik haben insgesamt 25 Sch\u00fclerinnen und Sch\u00fcler aus den Jahrgangsstufen 3 und 4 teilgenommen. Am K\u00e4ngurutag wurde flei\u00dfig geknobelt und gerechnet. Die langersehnten Urkunden und Preise sind mittlerweile an unserer Schule eingetroffen und konnten den Kindern am 19.06.2024 in einer Preisverleihung offiziell \u00fcberreicht werden. In der Jahrgangsstufe 3 konnten Frida Groh (77 Punkte, 3c), Elahe Hagjoo (76 Punkte, 3c)\u00a0 und Damian Schuler (68,25 Punkte, 3a) die besten Ergebnisse erzielen. In der Jahrgangsstufe 4 erreichten\u00a0\u00a0\u00a0\u00a0\u00a0\u00a0\u00a0\u00a0\u00a0\u00a0\u00a0\u00a0\u00a0\u00a0\u00a0\u00a0\u00a0\u00a0 Mohamad Hussein Hasan (4c) und Leon Sarbach (4c) punktgleich mit 66,25 Punkten das beste Ergebnis, gefolgt von Pooriya Narouie (62,5 Punkten, 4 c ) und Melih Evli (59,75 Punkten, 4 b). Den Preis f\u00fcr den weitesten K\u00e4ngurusprung, die gr\u00f6\u00dfte Anzahl von aufeinander folgenden richtig gel\u00f6sten Aufgaben erhielt Melih Evli. Besonders stolz sind wir auf die Ergebnisse von Frida Groh und Elahe Hagjoo, die mit ihren Ergebnissen zu den bundesweit besten 5 Prozent aller Teilnehmerinnen und Teilnehmer ihrer\u00a0 Jahrgangsstufe z\u00e4hlen und unter diesen mit ihren Leistungen jeweils einen 3. Platz belegen konnten. F\u00fcr ihre Leistung wurden die Beiden mit einem Sonderpreis geehrt. Alle Kinder erhielten als Anerkennung f\u00fcr Ihre Leistung eine Urkunde, ein Heft mit den Aufgaben und L\u00f6sungen von 2024, sowie ein tolles Knobelspiel.<\/p>\n","protected":false},"author":1,"featured_media":0,"parent":0,"menu_order":0,"comment_status":"closed","ping_status":"closed","template":"","meta":{"footnotes":""},"class_list":["post-4822","page","type-page","status-publish","hentry"],"_links":{"self":[{"href":"https:\/\/geschwister-scholl-schule-niedergirmes.de\/index.php?rest_route=\/wp\/v2\/pages\/4822","targetHints":{"allow":["GET"]}}],"collection":[{"href":"https:\/\/geschwister-scholl-schule-niedergirmes.de\/index.php?rest_route=\/wp\/v2\/pages"}],"about":[{"href":"https:\/\/geschwister-scholl-schule-niedergirmes.de\/index.php?rest_route=\/wp\/v2\/types\/page"}],"author":[{"embeddable":true,"href":"https:\/\/geschwister-scholl-schule-niedergirmes.de\/index.php?rest_route=\/wp\/v2\/users\/1"}],"replies":[{"embeddable":true,"href":"https:\/\/geschwister-scholl-schule-niedergirmes.de\/index.php?rest_route=%2Fwp%2Fv2%2Fcomments&post=4822"}],"version-history":[{"count":1,"href":"https:\/\/geschwister-scholl-schule-niedergirmes.de\/index.php?rest_route=\/wp\/v2\/pages\/4822\/revisions"}],"predecessor-version":[{"id":4824,"href":"https:\/\/geschwister-scholl-schule-niedergirmes.de\/index.php?rest_route=\/wp\/v2\/pages\/4822\/revisions\/4824"}],"wp:attachment":[{"href":"https:\/\/geschwister-scholl-schule-niedergirmes.de\/index.php?rest_route=%2Fwp%2Fv2%2Fmedia&parent=4822"}],"curies":[{"name":"wp","href":"https:\/\/api.w.org\/{rel}","templated":true}]}}