{"id":4819,"date":"2026-01-07T09:40:08","date_gmt":"2026-01-07T08:40:08","guid":{"rendered":"https:\/\/geschwister-scholl-schule-niedergirmes.de\/?page_id=4819"},"modified":"2026-01-07T09:40:08","modified_gmt":"2026-01-07T08:40:08","slug":"ausflug-zum-osterspass-im-chemikum-experimente-rund-um-den-fruehling","status":"publish","type":"page","link":"https:\/\/geschwister-scholl-schule-niedergirmes.de\/?page_id=4819","title":{"rendered":"Ausflug zum &#8222;Osterspa\u00df&#8220; im Chemikum &#8211; Experimente rund um den Fr\u00fchling"},"content":{"rendered":"<p>Am Dienstag, den 12.03.24 hat die Klasse E2a mit Frau Heinz und Frau Sch\u00e4fer einen spannenden Tagesausflug ins Chemikum nach Marburg unternommen. Zuerst ging es zu Fu\u00df von der Schule zum Bahnhof Wetzlar und von dort unter Nutzung des Schulausflugtickets mit dem Zug nach Gie\u00dfen, wo es nach einem kurzen Aufenthalt mit dem Anschlusszug nach Marburg weiter ging. In Marburg angekommen, war es nur noch ein kurzer Fu\u00dfweg zum Chemikum.<\/p>\n<p>Im Chemikum wurden zuerst Jacken und Rucks\u00e4cke verstaut, bevor die Kinder mit Kitteln und Schutzbrillen ausgestattet eine kurze Einweisung \u00fcber die Verhaltensregeln beim Experimentieren erhielten. Gespannt, was uns erwarten w\u00fcrde, ging es dann weiter in die Laborr\u00e4ume. Dort erwarteten uns viele spannende Experimente rund um die Themen Fr\u00fchling und Ostern, die die Kinder in 4 Kleingruppen unter Anleitung je einer Betreuerin durchf\u00fchren konnten. Zu Beginn wurde gemeinsam ein Experiment durchgef\u00fchrt, bei dem ein rohes Ei aus ca. 2 m H\u00f6he durch eine R\u00f6hre fallen gelassen wurde und dabei \u00fcberraschenderweise nicht kaputt ging. Es wurden Ostereier marmoriert und mit Hilfe von Eischnee, der als Kleber fungierte, Ostereier beklebt. Anschlie\u00dfend konnten die Kinder beobachten, wie sich die Bl\u00fcte einer wei\u00dfen Tulpe ver\u00e4ndert, wenn sie in blau gef\u00e4rbtes Wasser gestellt wird. Unter dem Mikroskop wurden Bl\u00fcten und Bienen genauer betrachtet und es wurden Fr\u00fchlingsfotos wie vor 170Jahren erstellt. An zwei Stationen konnten die Kinder ausprobieren, wie sich Eigelb ver\u00e4ndert, wenn Essig, Salz oder Salzs\u00e4ure dazu gegeben wird. F\u00fcr gro\u00dfe Begeisterung sorgte das Experiment, wie ein gekochtes Ei ganz in ein Trichterglas hinein- und wieder herauskommen kann. Auch der B\u00fcchertest, wie viel Gewicht Eierschalen aushalten k\u00f6nnen,\u00a0 sorgte f\u00fcr gro\u00dfes Staunen.<\/p>\n<p>Nach zwei spannenden und aufregenden Stunden, die viel zu schnell vor\u00fcber gegangen waren, ging es mit vielen neuen Eindr\u00fccken wieder mit dem Zug zur\u00fcck nach Wetzlar. Die Kinder waren total begeistert und bestimmt nicht zum letzten Mal im Chemikum gewesen sein.<\/p>\n<p>&nbsp;<\/p>\n<p>\u00dcber das Chemikum:<\/p>\n<p><em>&#8222;Das Chemikum Marburg\u00a0ist eine\u00a0MINT-Bildungseinrichtung f\u00fcr Kinder, Jugendliche und Erwachsene mit dem Schwerpunkt Chemie. MINT ist ein Akronym f\u00fcr Mathematik, Naturwissenschaften, Informatik und Technik. Das Chemikum Marburg ist kein Museum, sondern ausdr\u00fccklich ein Mitmachlabor, in dem alle naturwissenschaftlich begeisterten ab 5 Jahren selbst Experimente durchf\u00fchren k\u00f6nnen. Im Vordergrund steht dabei der handlungsorientierte Umgang mit Fragestellungen aus Chemie, Biologie, Pharmazie, Physik und Informatik.&#8220;<\/em><\/p>\n<p>https:\/\/www.chemikum-marburg.de\/angebot-konzept.html<\/p>\n","protected":false},"excerpt":{"rendered":"<p>Am Dienstag, den 12.03.24 hat die Klasse E2a mit Frau Heinz und Frau Sch\u00e4fer einen spannenden Tagesausflug ins Chemikum nach Marburg unternommen. Zuerst ging es zu Fu\u00df von der Schule zum Bahnhof Wetzlar und von dort unter Nutzung des Schulausflugtickets mit dem Zug nach Gie\u00dfen, wo es nach einem kurzen Aufenthalt mit dem Anschlusszug nach Marburg weiter ging. In Marburg angekommen, war es nur noch ein kurzer Fu\u00dfweg zum Chemikum. Im Chemikum wurden zuerst Jacken und Rucks\u00e4cke verstaut, bevor die Kinder mit Kitteln und Schutzbrillen ausgestattet eine kurze Einweisung \u00fcber die Verhaltensregeln beim Experimentieren erhielten. Gespannt, was uns erwarten w\u00fcrde, ging es dann weiter in die Laborr\u00e4ume. Dort erwarteten uns viele spannende Experimente rund um die Themen Fr\u00fchling und Ostern, die die Kinder in 4 Kleingruppen unter Anleitung je einer Betreuerin durchf\u00fchren konnten. Zu Beginn wurde gemeinsam ein Experiment durchgef\u00fchrt, bei dem ein rohes Ei aus ca. 2 m H\u00f6he durch eine R\u00f6hre fallen gelassen wurde und dabei \u00fcberraschenderweise nicht kaputt ging. Es wurden Ostereier marmoriert und mit Hilfe von Eischnee, der als Kleber fungierte, Ostereier beklebt. Anschlie\u00dfend konnten die Kinder beobachten, wie sich die Bl\u00fcte einer wei\u00dfen Tulpe ver\u00e4ndert, wenn sie in blau gef\u00e4rbtes Wasser gestellt wird. Unter dem Mikroskop wurden Bl\u00fcten und Bienen genauer betrachtet und es wurden Fr\u00fchlingsfotos wie vor 170Jahren erstellt. An zwei Stationen konnten die Kinder ausprobieren, wie sich Eigelb ver\u00e4ndert, wenn Essig, Salz oder Salzs\u00e4ure dazu gegeben wird. F\u00fcr gro\u00dfe Begeisterung sorgte das Experiment, wie ein gekochtes Ei ganz in ein Trichterglas hinein- und wieder herauskommen kann. Auch der B\u00fcchertest, wie viel Gewicht Eierschalen aushalten k\u00f6nnen,\u00a0 sorgte f\u00fcr gro\u00dfes Staunen. Nach zwei spannenden und aufregenden Stunden, die viel zu schnell vor\u00fcber gegangen waren, ging es mit vielen neuen Eindr\u00fccken wieder mit dem Zug zur\u00fcck nach Wetzlar. Die Kinder waren total begeistert und bestimmt nicht zum letzten Mal im Chemikum gewesen sein. &nbsp; \u00dcber das Chemikum: &#8222;Das Chemikum Marburg\u00a0ist eine\u00a0MINT-Bildungseinrichtung f\u00fcr Kinder, Jugendliche und Erwachsene mit dem Schwerpunkt Chemie. MINT ist ein Akronym f\u00fcr Mathematik, Naturwissenschaften, Informatik und Technik. Das Chemikum Marburg ist kein Museum, sondern ausdr\u00fccklich ein Mitmachlabor, in dem alle naturwissenschaftlich begeisterten ab 5 Jahren selbst Experimente durchf\u00fchren k\u00f6nnen. Im Vordergrund steht dabei der handlungsorientierte Umgang mit Fragestellungen aus Chemie, Biologie, Pharmazie, Physik und Informatik.&#8220; https:\/\/www.chemikum-marburg.de\/angebot-konzept.html<\/p>\n","protected":false},"author":1,"featured_media":0,"parent":0,"menu_order":0,"comment_status":"closed","ping_status":"closed","template":"","meta":{"footnotes":""},"class_list":["post-4819","page","type-page","status-publish","hentry"],"_links":{"self":[{"href":"https:\/\/geschwister-scholl-schule-niedergirmes.de\/index.php?rest_route=\/wp\/v2\/pages\/4819","targetHints":{"allow":["GET"]}}],"collection":[{"href":"https:\/\/geschwister-scholl-schule-niedergirmes.de\/index.php?rest_route=\/wp\/v2\/pages"}],"about":[{"href":"https:\/\/geschwister-scholl-schule-niedergirmes.de\/index.php?rest_route=\/wp\/v2\/types\/page"}],"author":[{"embeddable":true,"href":"https:\/\/geschwister-scholl-schule-niedergirmes.de\/index.php?rest_route=\/wp\/v2\/users\/1"}],"replies":[{"embeddable":true,"href":"https:\/\/geschwister-scholl-schule-niedergirmes.de\/index.php?rest_route=%2Fwp%2Fv2%2Fcomments&post=4819"}],"version-history":[{"count":1,"href":"https:\/\/geschwister-scholl-schule-niedergirmes.de\/index.php?rest_route=\/wp\/v2\/pages\/4819\/revisions"}],"predecessor-version":[{"id":4821,"href":"https:\/\/geschwister-scholl-schule-niedergirmes.de\/index.php?rest_route=\/wp\/v2\/pages\/4819\/revisions\/4821"}],"wp:attachment":[{"href":"https:\/\/geschwister-scholl-schule-niedergirmes.de\/index.php?rest_route=%2Fwp%2Fv2%2Fmedia&parent=4819"}],"curies":[{"name":"wp","href":"https:\/\/api.w.org\/{rel}","templated":true}]}}