{"id":4795,"date":"2026-01-05T12:59:17","date_gmt":"2026-01-05T11:59:17","guid":{"rendered":"https:\/\/geschwister-scholl-schule-niedergirmes.de\/?page_id=4795"},"modified":"2026-01-05T12:59:17","modified_gmt":"2026-01-05T11:59:17","slug":"koerpersprache-von-tieren-besser-verstehen-lernen","status":"publish","type":"page","link":"https:\/\/geschwister-scholl-schule-niedergirmes.de\/?page_id=4795","title":{"rendered":"K\u00f6rpersprache von Tieren besser verstehen lernen"},"content":{"rendered":"<p>Auch in diesem Jahr war wieder Tierschutzlehrerin, Frau Dr. Hesse, von der Organisation &#8222;Purina &#8211; Liebe f\u00fcrs Leben&#8220; mit ihrer H\u00fcndin Eida zu Besuch in der Geschwister-Scholl-Schule. Die Kinder der Eingangsstufe E2 durften die Bordercolly-H\u00fcndin am Dienstag und Mittwoch, 20. und 21. Mai, in den jeweiligen Klassenr\u00e4umen begr\u00fc\u00dfen. Durch die Klassenkehrerinnen gut vorbereitet, wussten die Kinder, dass sie keine hektischen Bewegungen auf das Tier zumachen und auch nicht mit schrillen Entz\u00fcckensrufen das Tier erschrecken d\u00fcrfen. Selbst Kinder, die zun\u00e4chst Angst hatten und zur\u00fcckwichen, als Eida auf einen Tisch gehoben wurde, damit alle Kinder sie sehen und streichenln konnten, trauten sich allm\u00e4hlich n\u00e4her heran. Sie lernten nicht nur, dass man sich Hunden langsam n\u00e4hert und ihnen zun\u00e4chst die Hand zum Schnuppern hinh\u00e4lt, bevor man sie vorsichtig am R\u00fccken kraulen kann. Sie erfuhren auch entscheidende Unterschiede in der K\u00f6rpersprache zwischen Hunden und Katzen und woran man erkennen kann, dass ein Hund spielen will, dass er Angst hat oder sich bedroht f\u00fchlt. Neu war f\u00fcr die Kinder vor allem, dass Hunde riechen k\u00f6nnen, ob man ihnen wohlgesonnen ist, ob man Angst vor ihnen hat oder m\u00f6glicherweise etwas B\u00f6ses gegen sie im Schilde f\u00fchrt. Viele Kinder berichteten von ihren eigenen Haustieren und ihren Erfahrungen mit Hund, Katze, Kaninchen oder Meerschweinchen. Allen wurde klar, dass man eine gro\u00dfe Verantwortung \u00fcbernimmt bei der Anschaffung eines Haustieres und dass ein Tier bei schlechter Haltung ebenso leidet wie ein Mensch, der schlecht behandelt wird.Besonderen Spa\u00df hatten nicht nur die Kinder, sondern auch Eida selbst beim Suchen von versteckten Leckerlis im Klassenraum. Hier zeigte sich, wie gut die Sinne von Hunden gesch\u00e4rft sind, denn sie fand auch gut versteckte Leckerlis. Alle Kinder wurden f\u00fcr ihr einf\u00fchlsames Benehmen Eida gegen\u00fcber und ihre Mitarbeit mit einer Urkunde belohnt.<a href=\"https:\/\/geschwister-scholl-schule-niedergirmes.de\/?attachment_id=4530\" rel=\"attachment wp-att-4530\"><img loading=\"lazy\" decoding=\"async\" class=\"aligncenter size-large wp-image-4530\" src=\"https:\/\/geschwister-scholl-schule-niedergirmes.de\/wp-content\/uploads\/2025\/06\/IMG-20250604-WA0027-1024x768.jpg\" alt=\"\" width=\"900\" height=\"675\" srcset=\"https:\/\/geschwister-scholl-schule-niedergirmes.de\/wp-content\/uploads\/2025\/06\/IMG-20250604-WA0027-1024x768.jpg 1024w, https:\/\/geschwister-scholl-schule-niedergirmes.de\/wp-content\/uploads\/2025\/06\/IMG-20250604-WA0027-300x225.jpg 300w, https:\/\/geschwister-scholl-schule-niedergirmes.de\/wp-content\/uploads\/2025\/06\/IMG-20250604-WA0027-768x576.jpg 768w, https:\/\/geschwister-scholl-schule-niedergirmes.de\/wp-content\/uploads\/2025\/06\/IMG-20250604-WA0027-1536x1152.jpg 1536w, https:\/\/geschwister-scholl-schule-niedergirmes.de\/wp-content\/uploads\/2025\/06\/IMG-20250604-WA0027-1800x1350.jpg 1800w, https:\/\/geschwister-scholl-schule-niedergirmes.de\/wp-content\/uploads\/2025\/06\/IMG-20250604-WA0027.jpg 2048w\" sizes=\"auto, (max-width: 900px) 100vw, 900px\" \/><\/a><\/p>\n","protected":false},"excerpt":{"rendered":"<p>Auch in diesem Jahr war wieder Tierschutzlehrerin, Frau Dr. Hesse, von der Organisation &#8222;Purina &#8211; Liebe f\u00fcrs Leben&#8220; mit ihrer H\u00fcndin Eida zu Besuch in der Geschwister-Scholl-Schule. Die Kinder der Eingangsstufe E2 durften die Bordercolly-H\u00fcndin am Dienstag und Mittwoch, 20. und 21. Mai, in den jeweiligen Klassenr\u00e4umen begr\u00fc\u00dfen. Durch die Klassenkehrerinnen gut vorbereitet, wussten die Kinder, dass sie keine hektischen Bewegungen auf das Tier zumachen und auch nicht mit schrillen Entz\u00fcckensrufen das Tier erschrecken d\u00fcrfen. Selbst Kinder, die zun\u00e4chst Angst hatten und zur\u00fcckwichen, als Eida auf einen Tisch gehoben wurde, damit alle Kinder sie sehen und streichenln konnten, trauten sich allm\u00e4hlich n\u00e4her heran. Sie lernten nicht nur, dass man sich Hunden langsam n\u00e4hert und ihnen zun\u00e4chst die Hand zum Schnuppern hinh\u00e4lt, bevor man sie vorsichtig am R\u00fccken kraulen kann. Sie erfuhren auch entscheidende Unterschiede in der K\u00f6rpersprache zwischen Hunden und Katzen und woran man erkennen kann, dass ein Hund spielen will, dass er Angst hat oder sich bedroht f\u00fchlt. Neu war f\u00fcr die Kinder vor allem, dass Hunde riechen k\u00f6nnen, ob man ihnen wohlgesonnen ist, ob man Angst vor ihnen hat oder m\u00f6glicherweise etwas B\u00f6ses gegen sie im Schilde f\u00fchrt. Viele Kinder berichteten von ihren eigenen Haustieren und ihren Erfahrungen mit Hund, Katze, Kaninchen oder Meerschweinchen. Allen wurde klar, dass man eine gro\u00dfe Verantwortung \u00fcbernimmt bei der Anschaffung eines Haustieres und dass ein Tier bei schlechter Haltung ebenso leidet wie ein Mensch, der schlecht behandelt wird.Besonderen Spa\u00df hatten nicht nur die Kinder, sondern auch Eida selbst beim Suchen von versteckten Leckerlis im Klassenraum. Hier zeigte sich, wie gut die Sinne von Hunden gesch\u00e4rft sind, denn sie fand auch gut versteckte Leckerlis. Alle Kinder wurden f\u00fcr ihr einf\u00fchlsames Benehmen Eida gegen\u00fcber und ihre Mitarbeit mit einer Urkunde belohnt.<\/p>\n","protected":false},"author":1,"featured_media":0,"parent":0,"menu_order":0,"comment_status":"closed","ping_status":"closed","template":"","meta":{"footnotes":""},"class_list":["post-4795","page","type-page","status-publish","hentry"],"_links":{"self":[{"href":"https:\/\/geschwister-scholl-schule-niedergirmes.de\/index.php?rest_route=\/wp\/v2\/pages\/4795","targetHints":{"allow":["GET"]}}],"collection":[{"href":"https:\/\/geschwister-scholl-schule-niedergirmes.de\/index.php?rest_route=\/wp\/v2\/pages"}],"about":[{"href":"https:\/\/geschwister-scholl-schule-niedergirmes.de\/index.php?rest_route=\/wp\/v2\/types\/page"}],"author":[{"embeddable":true,"href":"https:\/\/geschwister-scholl-schule-niedergirmes.de\/index.php?rest_route=\/wp\/v2\/users\/1"}],"replies":[{"embeddable":true,"href":"https:\/\/geschwister-scholl-schule-niedergirmes.de\/index.php?rest_route=%2Fwp%2Fv2%2Fcomments&post=4795"}],"version-history":[{"count":1,"href":"https:\/\/geschwister-scholl-schule-niedergirmes.de\/index.php?rest_route=\/wp\/v2\/pages\/4795\/revisions"}],"predecessor-version":[{"id":4797,"href":"https:\/\/geschwister-scholl-schule-niedergirmes.de\/index.php?rest_route=\/wp\/v2\/pages\/4795\/revisions\/4797"}],"wp:attachment":[{"href":"https:\/\/geschwister-scholl-schule-niedergirmes.de\/index.php?rest_route=%2Fwp%2Fv2%2Fmedia&parent=4795"}],"curies":[{"name":"wp","href":"https:\/\/api.w.org\/{rel}","templated":true}]}}