{"id":4792,"date":"2026-01-05T12:58:24","date_gmt":"2026-01-05T11:58:24","guid":{"rendered":"https:\/\/geschwister-scholl-schule-niedergirmes.de\/?page_id=4792"},"modified":"2026-01-05T12:58:24","modified_gmt":"2026-01-05T11:58:24","slug":"besuch-vom-imker-ein-spannender-tag-fuer-die-3-klassen","status":"publish","type":"page","link":"https:\/\/geschwister-scholl-schule-niedergirmes.de\/?page_id=4792","title":{"rendered":"Besuch vom Imker \u2013 Ein spannender Tag f\u00fcr die 3.Klassen"},"content":{"rendered":"<p>Am Montag, dem 19. Mai, bekamen die dritten Klassen unserer Schule besonderen Besuch: Herr Poetsch vom Imkerverein Wetzlar kam zu uns, um den Kindern die faszinierende Welt der Bienen n\u00e4herzubringen.<\/p>\n<p>Mit viel Fachwissen, anschaulichem Material und echter Begeisterung erkl\u00e4rte der Imker, wie Bienen leben, wie ein Bienenstock aufgebaut ist und welche wichtige Rolle die flei\u00dfigen Insekten f\u00fcr unsere Umwelt spielen. Besonders beeindruckt waren die Sch\u00fclerinnen und Sch\u00fcler von den echten Waben, die Herr Poetsch mitgebracht hatte \u2013 darin befanden sich sogar lebende Bienen!<\/p>\n<p>Ein echtes Highlight war das gemeinsame Suchen und Entdecken der Bienenk\u00f6nigin. Au\u00dferdem durften alle den leckeren Honig probieren \u2013 ein s\u00fc\u00dfer Genuss, der vielen noch lange in Erinnerung bleiben wird.<\/p>\n<p>Der Besuch war f\u00fcr die Kinder und auch f\u00fcr die Lehrkr\u00e4fte ein lehrreiches und zugleich unvergessliches Erlebnis.<\/p>\n<p>Ein herzliches Dankesch\u00f6n an Herrn Poetsch f\u00fcr diesen spannenden und informativen Vormittag rund um das Thema Bienen!<a href=\"https:\/\/geschwister-scholl-schule-niedergirmes.de\/?attachment_id=4543\" rel=\"attachment wp-att-4543\"><img loading=\"lazy\" decoding=\"async\" class=\"aligncenter size-full wp-image-4543\" src=\"https:\/\/geschwister-scholl-schule-niedergirmes.de\/wp-content\/uploads\/2025\/06\/Imker.png\" alt=\"\" width=\"605\" height=\"353\" srcset=\"https:\/\/geschwister-scholl-schule-niedergirmes.de\/wp-content\/uploads\/2025\/06\/Imker.png 605w, https:\/\/geschwister-scholl-schule-niedergirmes.de\/wp-content\/uploads\/2025\/06\/Imker-300x175.png 300w\" sizes=\"auto, (max-width: 605px) 100vw, 605px\" \/><\/a><\/p>\n","protected":false},"excerpt":{"rendered":"<p>Am Montag, dem 19. Mai, bekamen die dritten Klassen unserer Schule besonderen Besuch: Herr Poetsch vom Imkerverein Wetzlar kam zu uns, um den Kindern die faszinierende Welt der Bienen n\u00e4herzubringen. Mit viel Fachwissen, anschaulichem Material und echter Begeisterung erkl\u00e4rte der Imker, wie Bienen leben, wie ein Bienenstock aufgebaut ist und welche wichtige Rolle die flei\u00dfigen Insekten f\u00fcr unsere Umwelt spielen. Besonders beeindruckt waren die Sch\u00fclerinnen und Sch\u00fcler von den echten Waben, die Herr Poetsch mitgebracht hatte \u2013 darin befanden sich sogar lebende Bienen! Ein echtes Highlight war das gemeinsame Suchen und Entdecken der Bienenk\u00f6nigin. Au\u00dferdem durften alle den leckeren Honig probieren \u2013 ein s\u00fc\u00dfer Genuss, der vielen noch lange in Erinnerung bleiben wird. Der Besuch war f\u00fcr die Kinder und auch f\u00fcr die Lehrkr\u00e4fte ein lehrreiches und zugleich unvergessliches Erlebnis. Ein herzliches Dankesch\u00f6n an Herrn Poetsch f\u00fcr diesen spannenden und informativen Vormittag rund um das Thema Bienen!<\/p>\n","protected":false},"author":1,"featured_media":0,"parent":0,"menu_order":0,"comment_status":"closed","ping_status":"closed","template":"","meta":{"footnotes":""},"class_list":["post-4792","page","type-page","status-publish","hentry"],"_links":{"self":[{"href":"https:\/\/geschwister-scholl-schule-niedergirmes.de\/index.php?rest_route=\/wp\/v2\/pages\/4792","targetHints":{"allow":["GET"]}}],"collection":[{"href":"https:\/\/geschwister-scholl-schule-niedergirmes.de\/index.php?rest_route=\/wp\/v2\/pages"}],"about":[{"href":"https:\/\/geschwister-scholl-schule-niedergirmes.de\/index.php?rest_route=\/wp\/v2\/types\/page"}],"author":[{"embeddable":true,"href":"https:\/\/geschwister-scholl-schule-niedergirmes.de\/index.php?rest_route=\/wp\/v2\/users\/1"}],"replies":[{"embeddable":true,"href":"https:\/\/geschwister-scholl-schule-niedergirmes.de\/index.php?rest_route=%2Fwp%2Fv2%2Fcomments&post=4792"}],"version-history":[{"count":1,"href":"https:\/\/geschwister-scholl-schule-niedergirmes.de\/index.php?rest_route=\/wp\/v2\/pages\/4792\/revisions"}],"predecessor-version":[{"id":4794,"href":"https:\/\/geschwister-scholl-schule-niedergirmes.de\/index.php?rest_route=\/wp\/v2\/pages\/4792\/revisions\/4794"}],"wp:attachment":[{"href":"https:\/\/geschwister-scholl-schule-niedergirmes.de\/index.php?rest_route=%2Fwp%2Fv2%2Fmedia&parent=4792"}],"curies":[{"name":"wp","href":"https:\/\/api.w.org\/{rel}","templated":true}]}}