{"id":4786,"date":"2026-01-05T12:47:20","date_gmt":"2026-01-05T11:47:20","guid":{"rendered":"https:\/\/geschwister-scholl-schule-niedergirmes.de\/?page_id=4786"},"modified":"2026-01-05T12:47:20","modified_gmt":"2026-01-05T11:47:20","slug":"zweiter-ausflug-zum-lernbauernhof-junges-gemuese-in-asslar-werdorf","status":"publish","type":"page","link":"https:\/\/geschwister-scholl-schule-niedergirmes.de\/?page_id=4786","title":{"rendered":"Zweiter Ausflug zum Lernbauernhof &#8222;Junges Gem\u00fcse&#8220; in Asslar-Werdorf"},"content":{"rendered":"<p>Am 23.Juni 2025 fand f\u00fcr die\u00a0 Gruppe I\u00a0 des 2.Schuljahrs im Rahmen des Kartoffelprojekts der zweite Ausflug zum Lernbauernhof in Asslar-Werdorf statt. Diesmal standen praktische T\u00e4tigkeiten wie die Pflege unserer Kartoffelbeete, das Entfernen von Unkraut und das Anh\u00e4ufeln der Erde auf dem Programm. Nach einer kurzen Fr\u00fchst\u00fcckspause ging es los. Die Kinder waren mit gro\u00dfem Eifer dabei die Beete von dem Unkraut zu befreien und die Erde an den Kartoffelpflanzen anzuh\u00e4ufeln. Gro\u00dfe Freude bereitete den Kindern ebenfalls, die gefunden Insekten durch Becherlupen zu betrachten. Nachdem die Beete wieder &#8222;ordentlich&#8220; hergerichtet waren, trafen sich alle Kinder nochmal mit dem Team des Lernbauernhofs zu einer abschlie\u00dfenden Feedbackrunde im Sitzkreis, bevor es nach zwei spannenden und lehrreichen Stunden wieder mit dem Zug zur\u00fcck nach Wetzlar ging.<\/p>\n<p><a href=\"https:\/\/geschwister-scholl-schule-niedergirmes.de\/?attachment_id=4560\" rel=\"attachment wp-att-4560\"><img loading=\"lazy\" decoding=\"async\" class=\"aligncenter size-full wp-image-4560\" src=\"https:\/\/geschwister-scholl-schule-niedergirmes.de\/wp-content\/uploads\/2025\/06\/Bild1.png\" alt=\"\" width=\"843\" height=\"605\" srcset=\"https:\/\/geschwister-scholl-schule-niedergirmes.de\/wp-content\/uploads\/2025\/06\/Bild1.png 843w, https:\/\/geschwister-scholl-schule-niedergirmes.de\/wp-content\/uploads\/2025\/06\/Bild1-300x215.png 300w, https:\/\/geschwister-scholl-schule-niedergirmes.de\/wp-content\/uploads\/2025\/06\/Bild1-768x551.png 768w\" sizes=\"auto, (max-width: 843px) 100vw, 843px\" \/><\/a><\/p>\n","protected":false},"excerpt":{"rendered":"<p>Am 23.Juni 2025 fand f\u00fcr die\u00a0 Gruppe I\u00a0 des 2.Schuljahrs im Rahmen des Kartoffelprojekts der zweite Ausflug zum Lernbauernhof in Asslar-Werdorf statt. Diesmal standen praktische T\u00e4tigkeiten wie die Pflege unserer Kartoffelbeete, das Entfernen von Unkraut und das Anh\u00e4ufeln der Erde auf dem Programm. Nach einer kurzen Fr\u00fchst\u00fcckspause ging es los. Die Kinder waren mit gro\u00dfem Eifer dabei die Beete von dem Unkraut zu befreien und die Erde an den Kartoffelpflanzen anzuh\u00e4ufeln. Gro\u00dfe Freude bereitete den Kindern ebenfalls, die gefunden Insekten durch Becherlupen zu betrachten. Nachdem die Beete wieder &#8222;ordentlich&#8220; hergerichtet waren, trafen sich alle Kinder nochmal mit dem Team des Lernbauernhofs zu einer abschlie\u00dfenden Feedbackrunde im Sitzkreis, bevor es nach zwei spannenden und lehrreichen Stunden wieder mit dem Zug zur\u00fcck nach Wetzlar ging.<\/p>\n","protected":false},"author":1,"featured_media":0,"parent":0,"menu_order":0,"comment_status":"closed","ping_status":"closed","template":"","meta":{"footnotes":""},"class_list":["post-4786","page","type-page","status-publish","hentry"],"_links":{"self":[{"href":"https:\/\/geschwister-scholl-schule-niedergirmes.de\/index.php?rest_route=\/wp\/v2\/pages\/4786","targetHints":{"allow":["GET"]}}],"collection":[{"href":"https:\/\/geschwister-scholl-schule-niedergirmes.de\/index.php?rest_route=\/wp\/v2\/pages"}],"about":[{"href":"https:\/\/geschwister-scholl-schule-niedergirmes.de\/index.php?rest_route=\/wp\/v2\/types\/page"}],"author":[{"embeddable":true,"href":"https:\/\/geschwister-scholl-schule-niedergirmes.de\/index.php?rest_route=\/wp\/v2\/users\/1"}],"replies":[{"embeddable":true,"href":"https:\/\/geschwister-scholl-schule-niedergirmes.de\/index.php?rest_route=%2Fwp%2Fv2%2Fcomments&post=4786"}],"version-history":[{"count":1,"href":"https:\/\/geschwister-scholl-schule-niedergirmes.de\/index.php?rest_route=\/wp\/v2\/pages\/4786\/revisions"}],"predecessor-version":[{"id":4788,"href":"https:\/\/geschwister-scholl-schule-niedergirmes.de\/index.php?rest_route=\/wp\/v2\/pages\/4786\/revisions\/4788"}],"wp:attachment":[{"href":"https:\/\/geschwister-scholl-schule-niedergirmes.de\/index.php?rest_route=%2Fwp%2Fv2%2Fmedia&parent=4786"}],"curies":[{"name":"wp","href":"https:\/\/api.w.org\/{rel}","templated":true}]}}