{"id":4778,"date":"2026-01-05T12:44:11","date_gmt":"2026-01-05T11:44:11","guid":{"rendered":"https:\/\/geschwister-scholl-schule-niedergirmes.de\/?page_id=4778"},"modified":"2026-01-05T12:44:11","modified_gmt":"2026-01-05T11:44:11","slug":"kinder-der-jahrgangsstufe-e1-entdecken-das-minimathematikum","status":"publish","type":"page","link":"https:\/\/geschwister-scholl-schule-niedergirmes.de\/?page_id=4778","title":{"rendered":"Kinder der Jahrgangsstufe E1 entdecken das Minimathematikum"},"content":{"rendered":"<p>Im Mai haben die E1 einen spannenden Ausflug ins Mathematikum Gie\u00dfen unternommen. Bereits die Anreise war f\u00fcr die meisten Kinder bereits ein Abenteuer. Mit dem Zug ging es vom Bahnhof Wetzlar nach Gie\u00dfen. In Gie\u00dfen angekommen war es nur ein kurzer Fu\u00dfweg bis zum Mathematikum. Im Mathematikum hatten die Kinder nach einer kurzen Fr\u00fchst\u00fcckpause zwei Stunden Zeit das Minimathematikum zu erkunden. Die Kinder konnten auf spielerische und kindgerechte Weise mathematische Exponate entdecken und mathematische Strukturen kennenlernen. Ein Highlight war das Exponat &#8222;Seifenblase&#8220; , in dem die Kinder um sich herum eine Seifenblasenhaut erzeugen konnten. Nach zwei erlebnisreichen Stunden ging es wieder mit dem Zug zur\u00fcck nach Wetzlar.\u00a0 Der Ausflug ins Mathematikum hat allen Kindern viel Freude bereitet.<\/p>\n","protected":false},"excerpt":{"rendered":"<p>Im Mai haben die E1 einen spannenden Ausflug ins Mathematikum Gie\u00dfen unternommen. Bereits die Anreise war f\u00fcr die meisten Kinder bereits ein Abenteuer. Mit dem Zug ging es vom Bahnhof Wetzlar nach Gie\u00dfen. In Gie\u00dfen angekommen war es nur ein kurzer Fu\u00dfweg bis zum Mathematikum. Im Mathematikum hatten die Kinder nach einer kurzen Fr\u00fchst\u00fcckpause zwei Stunden Zeit das Minimathematikum zu erkunden. Die Kinder konnten auf spielerische und kindgerechte Weise mathematische Exponate entdecken und mathematische Strukturen kennenlernen. Ein Highlight war das Exponat &#8222;Seifenblase&#8220; , in dem die Kinder um sich herum eine Seifenblasenhaut erzeugen konnten. Nach zwei erlebnisreichen Stunden ging es wieder mit dem Zug zur\u00fcck nach Wetzlar.\u00a0 Der Ausflug ins Mathematikum hat allen Kindern viel Freude bereitet.<\/p>\n","protected":false},"author":1,"featured_media":0,"parent":0,"menu_order":0,"comment_status":"closed","ping_status":"closed","template":"","meta":{"footnotes":""},"class_list":["post-4778","page","type-page","status-publish","hentry"],"_links":{"self":[{"href":"https:\/\/geschwister-scholl-schule-niedergirmes.de\/index.php?rest_route=\/wp\/v2\/pages\/4778","targetHints":{"allow":["GET"]}}],"collection":[{"href":"https:\/\/geschwister-scholl-schule-niedergirmes.de\/index.php?rest_route=\/wp\/v2\/pages"}],"about":[{"href":"https:\/\/geschwister-scholl-schule-niedergirmes.de\/index.php?rest_route=\/wp\/v2\/types\/page"}],"author":[{"embeddable":true,"href":"https:\/\/geschwister-scholl-schule-niedergirmes.de\/index.php?rest_route=\/wp\/v2\/users\/1"}],"replies":[{"embeddable":true,"href":"https:\/\/geschwister-scholl-schule-niedergirmes.de\/index.php?rest_route=%2Fwp%2Fv2%2Fcomments&post=4778"}],"version-history":[{"count":1,"href":"https:\/\/geschwister-scholl-schule-niedergirmes.de\/index.php?rest_route=\/wp\/v2\/pages\/4778\/revisions"}],"predecessor-version":[{"id":4780,"href":"https:\/\/geschwister-scholl-schule-niedergirmes.de\/index.php?rest_route=\/wp\/v2\/pages\/4778\/revisions\/4780"}],"wp:attachment":[{"href":"https:\/\/geschwister-scholl-schule-niedergirmes.de\/index.php?rest_route=%2Fwp%2Fv2%2Fmedia&parent=4778"}],"curies":[{"name":"wp","href":"https:\/\/api.w.org\/{rel}","templated":true}]}}