{"id":4775,"date":"2026-01-05T12:43:46","date_gmt":"2026-01-05T11:43:46","guid":{"rendered":"https:\/\/geschwister-scholl-schule-niedergirmes.de\/?page_id=4775"},"modified":"2026-01-05T12:43:46","modified_gmt":"2026-01-05T11:43:46","slug":"teilnahme-am-schuelerwettbewerb-informatik-biber-2024","status":"publish","type":"page","link":"https:\/\/geschwister-scholl-schule-niedergirmes.de\/?page_id=4775","title":{"rendered":"Teilnahme am Sch\u00fclerwettbewerb Informatik Biber 2024"},"content":{"rendered":"<p>Im November 2024 haben insgesamt 21 Kinder aus den Jahrgangsstufen 3 und 4 am Informatik Biber Wettbewerb teilgenommen. Bei diesem Wettbewerb mussten die Kinder am IPad neun verschiedene Aufgaben l\u00f6sen und dabei ihr informatorische Denken und Beweis stellen. Bereits bei der Vorbereitung auf den Wettbewerb hatten die Kinder viel Freude beim L\u00f6sen der Aufgaben, sodass sich am Ende auch die Ergebnisse des Sch\u00fclerwettbewerbs sehen lassen konnten. \u00dcber einen 1.Platz konnte sich Jonah La Barba (4b, 81 Punkte)\u00a0 freuen. Jeweils punktgleich belegten Frida Groh (4c, 69 Punkte) und Elahe Hagjoo (4c, 69 Punkte) einen 2. Platz. Desweiteren konnten sich weitere 15 Sch\u00fclerinnen und Sch\u00fcler \u00fcber einen 3. Rang freuen. Drei Kinder erhielten eine Anerkennung. Als W\u00fcrdigung f\u00fcr Ihre Leistung erhielten die Erst- und Zweitplatzierten einen Sonderpreis und eine Urkunde. Die anderen 18 Teilnehmerinnen und Teilnehmer erhielten als Anerkennung f\u00fcr ihre Leistung ebenfalls eine Urkunde und eine s\u00fc\u00dfe \u00dcberraschung.<a href=\"https:\/\/geschwister-scholl-schule-niedergirmes.de\/?attachment_id=4433\" rel=\"attachment wp-att-4433\"><img loading=\"lazy\" decoding=\"async\" class=\"aligncenter size-full wp-image-4433\" src=\"https:\/\/geschwister-scholl-schule-niedergirmes.de\/wp-content\/uploads\/2025\/05\/Bilder-Bieber.png\" alt=\"\" width=\"1011\" height=\"507\" srcset=\"https:\/\/geschwister-scholl-schule-niedergirmes.de\/wp-content\/uploads\/2025\/05\/Bilder-Bieber.png 1011w, https:\/\/geschwister-scholl-schule-niedergirmes.de\/wp-content\/uploads\/2025\/05\/Bilder-Bieber-300x150.png 300w, https:\/\/geschwister-scholl-schule-niedergirmes.de\/wp-content\/uploads\/2025\/05\/Bilder-Bieber-768x385.png 768w\" sizes=\"auto, (max-width: 1011px) 100vw, 1011px\" \/><\/a><\/p>\n","protected":false},"excerpt":{"rendered":"<p>Im November 2024 haben insgesamt 21 Kinder aus den Jahrgangsstufen 3 und 4 am Informatik Biber Wettbewerb teilgenommen. Bei diesem Wettbewerb mussten die Kinder am IPad neun verschiedene Aufgaben l\u00f6sen und dabei ihr informatorische Denken und Beweis stellen. Bereits bei der Vorbereitung auf den Wettbewerb hatten die Kinder viel Freude beim L\u00f6sen der Aufgaben, sodass sich am Ende auch die Ergebnisse des Sch\u00fclerwettbewerbs sehen lassen konnten. \u00dcber einen 1.Platz konnte sich Jonah La Barba (4b, 81 Punkte)\u00a0 freuen. Jeweils punktgleich belegten Frida Groh (4c, 69 Punkte) und Elahe Hagjoo (4c, 69 Punkte) einen 2. Platz. Desweiteren konnten sich weitere 15 Sch\u00fclerinnen und Sch\u00fcler \u00fcber einen 3. Rang freuen. Drei Kinder erhielten eine Anerkennung. Als W\u00fcrdigung f\u00fcr Ihre Leistung erhielten die Erst- und Zweitplatzierten einen Sonderpreis und eine Urkunde. Die anderen 18 Teilnehmerinnen und Teilnehmer erhielten als Anerkennung f\u00fcr ihre Leistung ebenfalls eine Urkunde und eine s\u00fc\u00dfe \u00dcberraschung.<\/p>\n","protected":false},"author":1,"featured_media":0,"parent":0,"menu_order":0,"comment_status":"closed","ping_status":"closed","template":"","meta":{"footnotes":""},"class_list":["post-4775","page","type-page","status-publish","hentry"],"_links":{"self":[{"href":"https:\/\/geschwister-scholl-schule-niedergirmes.de\/index.php?rest_route=\/wp\/v2\/pages\/4775","targetHints":{"allow":["GET"]}}],"collection":[{"href":"https:\/\/geschwister-scholl-schule-niedergirmes.de\/index.php?rest_route=\/wp\/v2\/pages"}],"about":[{"href":"https:\/\/geschwister-scholl-schule-niedergirmes.de\/index.php?rest_route=\/wp\/v2\/types\/page"}],"author":[{"embeddable":true,"href":"https:\/\/geschwister-scholl-schule-niedergirmes.de\/index.php?rest_route=\/wp\/v2\/users\/1"}],"replies":[{"embeddable":true,"href":"https:\/\/geschwister-scholl-schule-niedergirmes.de\/index.php?rest_route=%2Fwp%2Fv2%2Fcomments&post=4775"}],"version-history":[{"count":1,"href":"https:\/\/geschwister-scholl-schule-niedergirmes.de\/index.php?rest_route=\/wp\/v2\/pages\/4775\/revisions"}],"predecessor-version":[{"id":4777,"href":"https:\/\/geschwister-scholl-schule-niedergirmes.de\/index.php?rest_route=\/wp\/v2\/pages\/4775\/revisions\/4777"}],"wp:attachment":[{"href":"https:\/\/geschwister-scholl-schule-niedergirmes.de\/index.php?rest_route=%2Fwp%2Fv2%2Fmedia&parent=4775"}],"curies":[{"name":"wp","href":"https:\/\/api.w.org\/{rel}","templated":true}]}}