{"id":4765,"date":"2026-01-05T12:40:55","date_gmt":"2026-01-05T11:40:55","guid":{"rendered":"https:\/\/geschwister-scholl-schule-niedergirmes.de\/?page_id=4765"},"modified":"2026-01-05T12:40:55","modified_gmt":"2026-01-05T11:40:55","slug":"gss-als-mint-freundliche-schule-ausgezeichnet","status":"publish","type":"page","link":"https:\/\/geschwister-scholl-schule-niedergirmes.de\/?page_id=4765","title":{"rendered":"GSS als &#8222;MINT-freundliche Schule&#8220; ausgezeichnet"},"content":{"rendered":"<p>Die Geschwister-Scholl-Schule in Wetzlar-Niedergirmes wurde am 18.September 2024 von der Initiative &#8222;Mint Zukunft schaffen&#8220; erstmals als &#8222;MINT-freundliche Schule&#8220; ausgezeichnet. Damit ist sie die bisher einzige Grundschule in der Region Wetzlar, die diese Auszeichnung erhalten hat. Mit dem Signet &#8222;MINT freundliche Schule&#8220; werden Schulen geehrt, die den MINT-F\u00e4chern im Schulalltag einen besonders hohen Stellenwert zu sprechen.<\/p>\n<p>Die Ehrung der MINT-freundlichen Schule steht unter der Schirmherrschaft der Kultusministerkonferenz (KMK) und w\u00fcrdigt das Engagement der Schulleitungen und Lehrkr\u00e4fte der Schule in den F\u00e4chern Mathematik, Informatik, Naturwissenschaften und Technik im Unterricht und in der Schulentwicklung.<\/p>\n<p>Durch die Auszeichnung werden MINT-freundliche Schulen sichtbar und von Seiten der Wirtschaft nicht nur anerkannt, sondern auch besonders unterst\u00fctzt. Die bundesweite Initiative &#8222;MINT Zukunft schaffen&#8220; bewertet Schulen nach einem bundesweit standardisierten Kriterienkatalog und ehrt diejenigen, die bewusst Schwerpunkte im MINT-Bereich setzen. Die Geschwister-Scholl-Schule hat diesen Bewerbungsprozess erfolgreich durchlaufen und geh\u00f6rt nun offiziell zu den Schulen, die MINT-Kompetenzen im Unterricht gezielt f\u00f6rdern.<\/p>\n<p>Die Geschwister-Scholl-Schule engagiert sich mit einer Vielzahl besonderer Aktionen im Bereich der MINT-F\u00f6rderung, die den Sch\u00fclern praxisnahe und spannende Einblicke in Mathematik, Informatik, Naturwissenschaften und Technik erm\u00f6glichen. Hier sind exemplarisch einige der herausragenden Aktivit\u00e4ten, die das MINT-Profil der Schule auszeichnen:<\/p>\n<p>Teilnahme an verschiedenen Sch\u00fclerwettbewerben: K\u00e4nguru der Mathematik, Informatik Biber, Minik\u00e4nguruwettbewerb<\/p>\n<p>Von der Raupe zum Schmetterling: Durch das Aufziehen von Raupen bis hin zu Schmetterlingen erfahren die Kinder den Lebenszyklus von Insekten und k\u00f6nnen Naturph\u00e4nomene direkt erleben.<\/p>\n<p>Vom Ei zum Huhn: Die Sch\u00fclerinnen und Sch\u00fcler konnten durch den Einsatz eines Brutautomatens den Prozess des Ausbr\u00fctens\u00a0 bis zum Schl\u00fcpfen der K\u00fcken beobachten und dabei biologische Entwicklungsprozesse hautnah kennen lernen.<\/p>\n<p>Experimente-AG und Besuch des Chemikums in Marburg: Im Rahmen eines Ausflugs ins Chemikum k\u00f6nnen die Kinder Experimente unter fachlicher Anleitung durchf\u00fchren und die Welt der Chemie entdecken. In der Experimentier-AG werden regelm\u00e4\u00dfig naturwissenschaftliche Experimente durchgef\u00fchrt, die den Forschergeist der Sch\u00fcler wecken und vertiefen.<\/p>\n<p>Bienenwiese anpflanzen: Die Sch\u00fcler legen in Kooperation mit dem Imkerverein eine Bienenwiese an und lernen dabei viel \u00fcber Artenvielfalt und Naturschutz.<\/p>\n<p>Was w\u00e4chst denn da: In der Garten-AG wird in einem Hochbeet ges\u00e4t und geerntet. Durch den Anbau von Gem\u00fcse im Hochbeet erfahren die Kinder, wie Pflanzen wachsen und welche Umweltbedingungen sie ben\u00f6tigen, und entwickeln ein Bewusstsein f\u00fcr gesunde Ern\u00e4hrung und Nachhaltigkeit.<\/p>\n<p>Handlungsorientierter Sachunterricht mit Anleitung von Versuchsreihen: Im Sachunterricht liegt ein Schwerpunkt auf praktischen Versuchen, die sowohl das naturwissenschaftliche Verst\u00e4ndnis als auch die Sprachf\u00f6rderung der Kinder gezielt unterst\u00fctzen.<\/p>\n<p>Lego Education-Erstes Programmieren mit Lego-Spike- Essential: Spielerisch lernen die Sch\u00fclerinnen und Sch\u00fcler erste Schritte im Programmieren, indem sie mit den Bauk\u00e4sten von Lego Spike Essential verschiedene Modelle bauen und HUBs, Sensoren und Motoren programmieren, wodurch ihnen spielerisch grundlegende F\u00e4higkeiten in Informatik vermittelt werden.<\/p>\n<p>Diese vielf\u00e4ltigen Angebote f\u00f6rdern nicht nur die Neugier und den Forscherdrang der Kinder, sondern legen auch den Grundstein f\u00fcr ein vertieftes Verst\u00e4ndnis von MINT-Themen und eine fr\u00fchzeitige Begeisterung f\u00fcr Wissenschaft und Technik.<\/p>\n<p>Ein gro\u00dfes Dankesch\u00f6n an die Kolleginnen, die mit Ihrem Beitrag an dieser besonderen Auszeichnung beteiligt waren:<\/p>\n<p>Maren Heinz, Bianca Krieger-Jakobi, Swantje Br\u00fcntjen, Anna-Lena Zehner, Sabrina Sch\u00e4fer<\/p>\n<p><a href=\"https:\/\/geschwister-scholl-schule-niedergirmes.de\/?attachment_id=4549\" rel=\"attachment wp-att-4549\"><img loading=\"lazy\" decoding=\"async\" class=\"aligncenter size-full wp-image-4549\" src=\"https:\/\/geschwister-scholl-schule-niedergirmes.de\/wp-content\/uploads\/2024\/09\/cropped-mint.jpg\" alt=\"\" width=\"414\" height=\"170\" srcset=\"https:\/\/geschwister-scholl-schule-niedergirmes.de\/wp-content\/uploads\/2024\/09\/cropped-mint.jpg 414w, https:\/\/geschwister-scholl-schule-niedergirmes.de\/wp-content\/uploads\/2024\/09\/cropped-mint-300x123.jpg 300w\" sizes=\"auto, (max-width: 414px) 100vw, 414px\" \/><\/a><\/p>\n","protected":false},"excerpt":{"rendered":"<p>Die Geschwister-Scholl-Schule in Wetzlar-Niedergirmes wurde am 18.September 2024 von der Initiative &#8222;Mint Zukunft schaffen&#8220; erstmals als &#8222;MINT-freundliche Schule&#8220; ausgezeichnet. Damit ist sie die bisher einzige Grundschule in der Region Wetzlar, die diese Auszeichnung erhalten hat. Mit dem Signet &#8222;MINT freundliche Schule&#8220; werden Schulen geehrt, die den MINT-F\u00e4chern im Schulalltag einen besonders hohen Stellenwert zu sprechen. Die Ehrung der MINT-freundlichen Schule steht unter der Schirmherrschaft der Kultusministerkonferenz (KMK) und w\u00fcrdigt das Engagement der Schulleitungen und Lehrkr\u00e4fte der Schule in den F\u00e4chern Mathematik, Informatik, Naturwissenschaften und Technik im Unterricht und in der Schulentwicklung. Durch die Auszeichnung werden MINT-freundliche Schulen sichtbar und von Seiten der Wirtschaft nicht nur anerkannt, sondern auch besonders unterst\u00fctzt. Die bundesweite Initiative &#8222;MINT Zukunft schaffen&#8220; bewertet Schulen nach einem bundesweit standardisierten Kriterienkatalog und ehrt diejenigen, die bewusst Schwerpunkte im MINT-Bereich setzen. Die Geschwister-Scholl-Schule hat diesen Bewerbungsprozess erfolgreich durchlaufen und geh\u00f6rt nun offiziell zu den Schulen, die MINT-Kompetenzen im Unterricht gezielt f\u00f6rdern. Die Geschwister-Scholl-Schule engagiert sich mit einer Vielzahl besonderer Aktionen im Bereich der MINT-F\u00f6rderung, die den Sch\u00fclern praxisnahe und spannende Einblicke in Mathematik, Informatik, Naturwissenschaften und Technik erm\u00f6glichen. Hier sind exemplarisch einige der herausragenden Aktivit\u00e4ten, die das MINT-Profil der Schule auszeichnen: Teilnahme an verschiedenen Sch\u00fclerwettbewerben: K\u00e4nguru der Mathematik, Informatik Biber, Minik\u00e4nguruwettbewerb Von der Raupe zum Schmetterling: Durch das Aufziehen von Raupen bis hin zu Schmetterlingen erfahren die Kinder den Lebenszyklus von Insekten und k\u00f6nnen Naturph\u00e4nomene direkt erleben. Vom Ei zum Huhn: Die Sch\u00fclerinnen und Sch\u00fcler konnten durch den Einsatz eines Brutautomatens den Prozess des Ausbr\u00fctens\u00a0 bis zum Schl\u00fcpfen der K\u00fcken beobachten und dabei biologische Entwicklungsprozesse hautnah kennen lernen. Experimente-AG und Besuch des Chemikums in Marburg: Im Rahmen eines Ausflugs ins Chemikum k\u00f6nnen die Kinder Experimente unter fachlicher Anleitung durchf\u00fchren und die Welt der Chemie entdecken. In der Experimentier-AG werden regelm\u00e4\u00dfig naturwissenschaftliche Experimente durchgef\u00fchrt, die den Forschergeist der Sch\u00fcler wecken und vertiefen. Bienenwiese anpflanzen: Die Sch\u00fcler legen in Kooperation mit dem Imkerverein eine Bienenwiese an und lernen dabei viel \u00fcber Artenvielfalt und Naturschutz. Was w\u00e4chst denn da: In der Garten-AG wird in einem Hochbeet ges\u00e4t und geerntet. Durch den Anbau von Gem\u00fcse im Hochbeet erfahren die Kinder, wie Pflanzen wachsen und welche Umweltbedingungen sie ben\u00f6tigen, und entwickeln ein Bewusstsein f\u00fcr gesunde Ern\u00e4hrung und Nachhaltigkeit. Handlungsorientierter Sachunterricht mit Anleitung von Versuchsreihen: Im Sachunterricht liegt ein Schwerpunkt auf praktischen Versuchen, die sowohl das naturwissenschaftliche Verst\u00e4ndnis als auch die Sprachf\u00f6rderung der Kinder gezielt unterst\u00fctzen. Lego Education-Erstes Programmieren mit Lego-Spike- Essential: Spielerisch lernen die Sch\u00fclerinnen und Sch\u00fcler erste Schritte im Programmieren, indem sie mit den Bauk\u00e4sten von Lego Spike Essential verschiedene Modelle bauen und HUBs, Sensoren und Motoren programmieren, wodurch ihnen spielerisch grundlegende F\u00e4higkeiten in Informatik vermittelt werden. Diese vielf\u00e4ltigen Angebote f\u00f6rdern nicht nur die Neugier und den Forscherdrang der Kinder, sondern legen auch den Grundstein f\u00fcr ein vertieftes Verst\u00e4ndnis von MINT-Themen und eine fr\u00fchzeitige Begeisterung f\u00fcr Wissenschaft und Technik. Ein gro\u00dfes Dankesch\u00f6n an die Kolleginnen, die mit Ihrem Beitrag an dieser besonderen Auszeichnung beteiligt waren: Maren Heinz, Bianca Krieger-Jakobi, Swantje Br\u00fcntjen, Anna-Lena Zehner, Sabrina Sch\u00e4fer<\/p>\n","protected":false},"author":1,"featured_media":0,"parent":0,"menu_order":0,"comment_status":"closed","ping_status":"closed","template":"","meta":{"footnotes":""},"class_list":["post-4765","page","type-page","status-publish","hentry"],"_links":{"self":[{"href":"https:\/\/geschwister-scholl-schule-niedergirmes.de\/index.php?rest_route=\/wp\/v2\/pages\/4765","targetHints":{"allow":["GET"]}}],"collection":[{"href":"https:\/\/geschwister-scholl-schule-niedergirmes.de\/index.php?rest_route=\/wp\/v2\/pages"}],"about":[{"href":"https:\/\/geschwister-scholl-schule-niedergirmes.de\/index.php?rest_route=\/wp\/v2\/types\/page"}],"author":[{"embeddable":true,"href":"https:\/\/geschwister-scholl-schule-niedergirmes.de\/index.php?rest_route=\/wp\/v2\/users\/1"}],"replies":[{"embeddable":true,"href":"https:\/\/geschwister-scholl-schule-niedergirmes.de\/index.php?rest_route=%2Fwp%2Fv2%2Fcomments&post=4765"}],"version-history":[{"count":1,"href":"https:\/\/geschwister-scholl-schule-niedergirmes.de\/index.php?rest_route=\/wp\/v2\/pages\/4765\/revisions"}],"predecessor-version":[{"id":4767,"href":"https:\/\/geschwister-scholl-schule-niedergirmes.de\/index.php?rest_route=\/wp\/v2\/pages\/4765\/revisions\/4767"}],"wp:attachment":[{"href":"https:\/\/geschwister-scholl-schule-niedergirmes.de\/index.php?rest_route=%2Fwp%2Fv2%2Fmedia&parent=4765"}],"curies":[{"name":"wp","href":"https:\/\/api.w.org\/{rel}","templated":true}]}}