{"id":4752,"date":"2026-01-05T12:23:35","date_gmt":"2026-01-05T11:23:35","guid":{"rendered":"https:\/\/geschwister-scholl-schule-niedergirmes.de\/?page_id=4752"},"modified":"2026-01-05T12:23:35","modified_gmt":"2026-01-05T11:23:35","slug":"farbenspiel-so-sehen-wir-licht-und-farbe","status":"publish","type":"page","link":"https:\/\/geschwister-scholl-schule-niedergirmes.de\/?page_id=4752","title":{"rendered":"Farbenspiel &#8211; so sehen wir Licht und Farbe"},"content":{"rendered":"<p>In der ersten Schulwoche nach den Sommerferien haben die Kinder der Jahrgangsstufe 3 die interaktive Ausstellung &#8222;Farbenspiel &#8211; so sehen wir Licht und Farbe&#8220; im Forum Wetzlar besucht. Neugierig und mit viel Freude haben sich die Kinder an das Erforschen der verschiedenen Exponate herangewagt und motiviert alles ausprobiert. Die Kinder konnten an einer Station verschiedene Gef\u00fchle durch Farben darstellen, wodurch sie gelernt haben, dass Emotionen mit Farben visuell ausgedr\u00fcckt werden k\u00f6nnen. An einer anderen Station wurde die Merkf\u00e4higkeit und die Konzentration der Kinder mit Hilfe von aufleuchtenden Positionslichtern auf die Probe gestellt. An der &#8222;Farbenmischer-Station&#8220; konnten die Kinder versuchen aus drei Grundfarben einen vorgegebenen Farbton zu mischen. Die Kinder konnten Muster legen, mit farbigen W\u00fcrfeln bauen, mit bunten Pl\u00e4ttchen auf einem speziellen Plattenspieler eine Melodie erzeugen u.v.m.<br \/>\nDurch das aktive Ausprobieren an den vielen interaktiven Stationen wurde den Kindern das Thema &#8222;Licht und Farbe&#8220; auf eine spannende und spielerische Weise n\u00e4her gebracht und eine lebendige Lernumgebung geboten. Nach einer Stunde ging es mit vielen neuen Eindr\u00fccken wieder zur\u00fcck in die Schule.<\/p>\n<p><a href=\"https:\/\/geschwister-scholl-schule-niedergirmes.de\/?attachment_id=4591\" rel=\"attachment wp-att-4591\"><img loading=\"lazy\" decoding=\"async\" class=\"aligncenter size-large wp-image-4591\" src=\"https:\/\/geschwister-scholl-schule-niedergirmes.de\/wp-content\/uploads\/2025\/09\/IMG_20250820_103008-1024x768.jpg\" alt=\"\" width=\"900\" height=\"675\" srcset=\"https:\/\/geschwister-scholl-schule-niedergirmes.de\/wp-content\/uploads\/2025\/09\/IMG_20250820_103008-1024x768.jpg 1024w, https:\/\/geschwister-scholl-schule-niedergirmes.de\/wp-content\/uploads\/2025\/09\/IMG_20250820_103008-300x225.jpg 300w, https:\/\/geschwister-scholl-schule-niedergirmes.de\/wp-content\/uploads\/2025\/09\/IMG_20250820_103008-768x576.jpg 768w, https:\/\/geschwister-scholl-schule-niedergirmes.de\/wp-content\/uploads\/2025\/09\/IMG_20250820_103008-1536x1152.jpg 1536w, https:\/\/geschwister-scholl-schule-niedergirmes.de\/wp-content\/uploads\/2025\/09\/IMG_20250820_103008-2048x1536.jpg 2048w, https:\/\/geschwister-scholl-schule-niedergirmes.de\/wp-content\/uploads\/2025\/09\/IMG_20250820_103008-1800x1350.jpg 1800w\" sizes=\"auto, (max-width: 900px) 100vw, 900px\" \/><\/a> <a href=\"https:\/\/geschwister-scholl-schule-niedergirmes.de\/?attachment_id=4592\" rel=\"attachment wp-att-4592\"><img loading=\"lazy\" decoding=\"async\" class=\"aligncenter size-full wp-image-4592\" src=\"https:\/\/geschwister-scholl-schule-niedergirmes.de\/wp-content\/uploads\/2025\/09\/Bild6.png\" alt=\"\" width=\"952\" height=\"420\" srcset=\"https:\/\/geschwister-scholl-schule-niedergirmes.de\/wp-content\/uploads\/2025\/09\/Bild6.png 952w, https:\/\/geschwister-scholl-schule-niedergirmes.de\/wp-content\/uploads\/2025\/09\/Bild6-300x132.png 300w, https:\/\/geschwister-scholl-schule-niedergirmes.de\/wp-content\/uploads\/2025\/09\/Bild6-768x339.png 768w\" sizes=\"auto, (max-width: 952px) 100vw, 952px\" \/><\/a><\/p>\n","protected":false},"excerpt":{"rendered":"<p>In der ersten Schulwoche nach den Sommerferien haben die Kinder der Jahrgangsstufe 3 die interaktive Ausstellung &#8222;Farbenspiel &#8211; so sehen wir Licht und Farbe&#8220; im Forum Wetzlar besucht. Neugierig und mit viel Freude haben sich die Kinder an das Erforschen der verschiedenen Exponate herangewagt und motiviert alles ausprobiert. Die Kinder konnten an einer Station verschiedene Gef\u00fchle durch Farben darstellen, wodurch sie gelernt haben, dass Emotionen mit Farben visuell ausgedr\u00fcckt werden k\u00f6nnen. An einer anderen Station wurde die Merkf\u00e4higkeit und die Konzentration der Kinder mit Hilfe von aufleuchtenden Positionslichtern auf die Probe gestellt. An der &#8222;Farbenmischer-Station&#8220; konnten die Kinder versuchen aus drei Grundfarben einen vorgegebenen Farbton zu mischen. Die Kinder konnten Muster legen, mit farbigen W\u00fcrfeln bauen, mit bunten Pl\u00e4ttchen auf einem speziellen Plattenspieler eine Melodie erzeugen u.v.m. Durch das aktive Ausprobieren an den vielen interaktiven Stationen wurde den Kindern das Thema &#8222;Licht und Farbe&#8220; auf eine spannende und spielerische Weise n\u00e4her gebracht und eine lebendige Lernumgebung geboten. Nach einer Stunde ging es mit vielen neuen Eindr\u00fccken wieder zur\u00fcck in die Schule.<\/p>\n","protected":false},"author":1,"featured_media":0,"parent":0,"menu_order":0,"comment_status":"closed","ping_status":"closed","template":"","meta":{"footnotes":""},"class_list":["post-4752","page","type-page","status-publish","hentry"],"_links":{"self":[{"href":"https:\/\/geschwister-scholl-schule-niedergirmes.de\/index.php?rest_route=\/wp\/v2\/pages\/4752","targetHints":{"allow":["GET"]}}],"collection":[{"href":"https:\/\/geschwister-scholl-schule-niedergirmes.de\/index.php?rest_route=\/wp\/v2\/pages"}],"about":[{"href":"https:\/\/geschwister-scholl-schule-niedergirmes.de\/index.php?rest_route=\/wp\/v2\/types\/page"}],"author":[{"embeddable":true,"href":"https:\/\/geschwister-scholl-schule-niedergirmes.de\/index.php?rest_route=\/wp\/v2\/users\/1"}],"replies":[{"embeddable":true,"href":"https:\/\/geschwister-scholl-schule-niedergirmes.de\/index.php?rest_route=%2Fwp%2Fv2%2Fcomments&post=4752"}],"version-history":[{"count":1,"href":"https:\/\/geschwister-scholl-schule-niedergirmes.de\/index.php?rest_route=\/wp\/v2\/pages\/4752\/revisions"}],"predecessor-version":[{"id":4754,"href":"https:\/\/geschwister-scholl-schule-niedergirmes.de\/index.php?rest_route=\/wp\/v2\/pages\/4752\/revisions\/4754"}],"wp:attachment":[{"href":"https:\/\/geschwister-scholl-schule-niedergirmes.de\/index.php?rest_route=%2Fwp%2Fv2%2Fmedia&parent=4752"}],"curies":[{"name":"wp","href":"https:\/\/api.w.org\/{rel}","templated":true}]}}