{"id":4749,"date":"2026-01-05T12:22:25","date_gmt":"2026-01-05T11:22:25","guid":{"rendered":"https:\/\/geschwister-scholl-schule-niedergirmes.de\/?page_id=4749"},"modified":"2026-01-05T12:22:25","modified_gmt":"2026-01-05T11:22:25","slug":"geschwister-scholl-schule-erprobt-das-konzept-spielepilot","status":"publish","type":"page","link":"https:\/\/geschwister-scholl-schule-niedergirmes.de\/?page_id=4749","title":{"rendered":"Geschwister-Scholl-Schule erprobt das Konzept \u201eSpielepilot\u201c"},"content":{"rendered":"<p>An der Geschwister Scholl Schule wurde von Mai bis Juli des Schuljahres 2024\/2025 das innovative Projekt \u201eSpielpilot\u201c der Bildungsinitiative \u201eSpielen macht Schule\u201c im Ganztagsunterricht des 2. Schuljahres erprobt. Durch die Durchf\u00fchrung des Projekts sollen die Kinder bef\u00e4higt werden ihren (j\u00fcngeren) Mitsch\u00fclerinnen und Mitsch\u00fclern Spiele zu erkl\u00e4ren und diese beim anschlie\u00dfenden Spielen anzuleiten. Durch das Erkl\u00e4ren von Spielregeln und dem gemeinsamen Spielen werden die \u00e4lteren Kinder in ihren sozialen und kommunikativen F\u00e4higkeiten gef\u00f6rdert und in ihrem Selbstbewusstsein gest\u00e4rkt. Die Ganztagskinder des 2. Schuljahres haben sich zun\u00e4chst selbst mit einem Spiel vertraut gemacht, bevor sie es Kindern aus der E2 erkl\u00e4rt und gemeinsam gespielt haben. Konkret haben sich die Zweitkl\u00e4sslerinnen z.B. mit dem Spiel Catan Junior besch\u00e4ftigt und erstmal selbst ausgiebig gespielt. Bei ihrem ersten Einsatz als Spielepilot waren sie noch etwas aufgeregt, haben sich aber schnell in ihrer neuen Rolle zurechtgefunden. Nach einer Stunde gemeinsamen Spielens sind alle zufrieden und motiviert wieder zur\u00fcck in ihre Klassen gegangen. Fazit eines E2 Kindes war \u201eIch habe schon jetzt das Gef\u00fchl, dass ich das Spiel alleine spielen k\u00f6nnte.\u201c Der Einsatz unserer Spielepiloten war erfolgreich und das gemeinsame Spielen hat allen Beteiligten viel Spa\u00df und Freude bereitet.<br \/>\nAls Dankesch\u00f6n f\u00fcr die Erprobung des Projekts \u201eSpielepilot\u201c und dem damit verbundenen Feedback zur Umsetzung, haben wir 6 neue Spiele zugeschickt bekommen, wor\u00fcber wir uns sehr gefreut haben. Wir sind schon voller Vorfreude mit den Expertenkindern der Spiele AG, die neuen Spiele auszuprobieren.<\/p>\n<p><a href=\"https:\/\/geschwister-scholl-schule-niedergirmes.de\/?attachment_id=4627\" rel=\"attachment wp-att-4627\"><img loading=\"lazy\" decoding=\"async\" class=\"aligncenter size-large wp-image-4627\" src=\"https:\/\/geschwister-scholl-schule-niedergirmes.de\/wp-content\/uploads\/2025\/09\/IMG_20250625_105903-1024x768.jpg\" alt=\"\" width=\"900\" height=\"675\" srcset=\"https:\/\/geschwister-scholl-schule-niedergirmes.de\/wp-content\/uploads\/2025\/09\/IMG_20250625_105903-1024x768.jpg 1024w, https:\/\/geschwister-scholl-schule-niedergirmes.de\/wp-content\/uploads\/2025\/09\/IMG_20250625_105903-300x225.jpg 300w, https:\/\/geschwister-scholl-schule-niedergirmes.de\/wp-content\/uploads\/2025\/09\/IMG_20250625_105903-768x576.jpg 768w, https:\/\/geschwister-scholl-schule-niedergirmes.de\/wp-content\/uploads\/2025\/09\/IMG_20250625_105903-1536x1152.jpg 1536w, https:\/\/geschwister-scholl-schule-niedergirmes.de\/wp-content\/uploads\/2025\/09\/IMG_20250625_105903-2048x1536.jpg 2048w, https:\/\/geschwister-scholl-schule-niedergirmes.de\/wp-content\/uploads\/2025\/09\/IMG_20250625_105903-1800x1350.jpg 1800w\" sizes=\"auto, (max-width: 900px) 100vw, 900px\" \/><\/a> <a href=\"https:\/\/geschwister-scholl-schule-niedergirmes.de\/?attachment_id=4628\" rel=\"attachment wp-att-4628\"><img loading=\"lazy\" decoding=\"async\" class=\"aligncenter size-large wp-image-4628\" src=\"https:\/\/geschwister-scholl-schule-niedergirmes.de\/wp-content\/uploads\/2025\/09\/IMG_20250625_105836-1024x768.jpg\" alt=\"\" width=\"900\" height=\"675\" srcset=\"https:\/\/geschwister-scholl-schule-niedergirmes.de\/wp-content\/uploads\/2025\/09\/IMG_20250625_105836-1024x768.jpg 1024w, https:\/\/geschwister-scholl-schule-niedergirmes.de\/wp-content\/uploads\/2025\/09\/IMG_20250625_105836-300x225.jpg 300w, https:\/\/geschwister-scholl-schule-niedergirmes.de\/wp-content\/uploads\/2025\/09\/IMG_20250625_105836-768x576.jpg 768w, https:\/\/geschwister-scholl-schule-niedergirmes.de\/wp-content\/uploads\/2025\/09\/IMG_20250625_105836-1536x1152.jpg 1536w, https:\/\/geschwister-scholl-schule-niedergirmes.de\/wp-content\/uploads\/2025\/09\/IMG_20250625_105836-2048x1536.jpg 2048w, https:\/\/geschwister-scholl-schule-niedergirmes.de\/wp-content\/uploads\/2025\/09\/IMG_20250625_105836-1800x1350.jpg 1800w\" sizes=\"auto, (max-width: 900px) 100vw, 900px\" \/><\/a> <a href=\"https:\/\/geschwister-scholl-schule-niedergirmes.de\/?attachment_id=4629\" rel=\"attachment wp-att-4629\"><img loading=\"lazy\" decoding=\"async\" class=\"aligncenter size-large wp-image-4629\" src=\"https:\/\/geschwister-scholl-schule-niedergirmes.de\/wp-content\/uploads\/2025\/09\/IMG_20250923_142356-768x1024.jpg\" alt=\"\" width=\"768\" height=\"1024\" srcset=\"https:\/\/geschwister-scholl-schule-niedergirmes.de\/wp-content\/uploads\/2025\/09\/IMG_20250923_142356-768x1024.jpg 768w, https:\/\/geschwister-scholl-schule-niedergirmes.de\/wp-content\/uploads\/2025\/09\/IMG_20250923_142356-225x300.jpg 225w, https:\/\/geschwister-scholl-schule-niedergirmes.de\/wp-content\/uploads\/2025\/09\/IMG_20250923_142356-1152x1536.jpg 1152w, https:\/\/geschwister-scholl-schule-niedergirmes.de\/wp-content\/uploads\/2025\/09\/IMG_20250923_142356-1536x2048.jpg 1536w, https:\/\/geschwister-scholl-schule-niedergirmes.de\/wp-content\/uploads\/2025\/09\/IMG_20250923_142356-1800x2400.jpg 1800w, https:\/\/geschwister-scholl-schule-niedergirmes.de\/wp-content\/uploads\/2025\/09\/IMG_20250923_142356-900x1200.jpg 900w, https:\/\/geschwister-scholl-schule-niedergirmes.de\/wp-content\/uploads\/2025\/09\/IMG_20250923_142356-scaled.jpg 1920w\" sizes=\"auto, (max-width: 768px) 100vw, 768px\" \/><\/a><\/p>\n","protected":false},"excerpt":{"rendered":"<p>An der Geschwister Scholl Schule wurde von Mai bis Juli des Schuljahres 2024\/2025 das innovative Projekt \u201eSpielpilot\u201c der Bildungsinitiative \u201eSpielen macht Schule\u201c im Ganztagsunterricht des 2. Schuljahres erprobt. Durch die Durchf\u00fchrung des Projekts sollen die Kinder bef\u00e4higt werden ihren (j\u00fcngeren) Mitsch\u00fclerinnen und Mitsch\u00fclern Spiele zu erkl\u00e4ren und diese beim anschlie\u00dfenden Spielen anzuleiten. Durch das Erkl\u00e4ren von Spielregeln und dem gemeinsamen Spielen werden die \u00e4lteren Kinder in ihren sozialen und kommunikativen F\u00e4higkeiten gef\u00f6rdert und in ihrem Selbstbewusstsein gest\u00e4rkt. Die Ganztagskinder des 2. Schuljahres haben sich zun\u00e4chst selbst mit einem Spiel vertraut gemacht, bevor sie es Kindern aus der E2 erkl\u00e4rt und gemeinsam gespielt haben. Konkret haben sich die Zweitkl\u00e4sslerinnen z.B. mit dem Spiel Catan Junior besch\u00e4ftigt und erstmal selbst ausgiebig gespielt. Bei ihrem ersten Einsatz als Spielepilot waren sie noch etwas aufgeregt, haben sich aber schnell in ihrer neuen Rolle zurechtgefunden. Nach einer Stunde gemeinsamen Spielens sind alle zufrieden und motiviert wieder zur\u00fcck in ihre Klassen gegangen. Fazit eines E2 Kindes war \u201eIch habe schon jetzt das Gef\u00fchl, dass ich das Spiel alleine spielen k\u00f6nnte.\u201c Der Einsatz unserer Spielepiloten war erfolgreich und das gemeinsame Spielen hat allen Beteiligten viel Spa\u00df und Freude bereitet. Als Dankesch\u00f6n f\u00fcr die Erprobung des Projekts \u201eSpielepilot\u201c und dem damit verbundenen Feedback zur Umsetzung, haben wir 6 neue Spiele zugeschickt bekommen, wor\u00fcber wir uns sehr gefreut haben. Wir sind schon voller Vorfreude mit den Expertenkindern der Spiele AG, die neuen Spiele auszuprobieren.<\/p>\n","protected":false},"author":1,"featured_media":0,"parent":0,"menu_order":0,"comment_status":"closed","ping_status":"closed","template":"","meta":{"footnotes":""},"class_list":["post-4749","page","type-page","status-publish","hentry"],"_links":{"self":[{"href":"https:\/\/geschwister-scholl-schule-niedergirmes.de\/index.php?rest_route=\/wp\/v2\/pages\/4749","targetHints":{"allow":["GET"]}}],"collection":[{"href":"https:\/\/geschwister-scholl-schule-niedergirmes.de\/index.php?rest_route=\/wp\/v2\/pages"}],"about":[{"href":"https:\/\/geschwister-scholl-schule-niedergirmes.de\/index.php?rest_route=\/wp\/v2\/types\/page"}],"author":[{"embeddable":true,"href":"https:\/\/geschwister-scholl-schule-niedergirmes.de\/index.php?rest_route=\/wp\/v2\/users\/1"}],"replies":[{"embeddable":true,"href":"https:\/\/geschwister-scholl-schule-niedergirmes.de\/index.php?rest_route=%2Fwp%2Fv2%2Fcomments&post=4749"}],"version-history":[{"count":1,"href":"https:\/\/geschwister-scholl-schule-niedergirmes.de\/index.php?rest_route=\/wp\/v2\/pages\/4749\/revisions"}],"predecessor-version":[{"id":4751,"href":"https:\/\/geschwister-scholl-schule-niedergirmes.de\/index.php?rest_route=\/wp\/v2\/pages\/4749\/revisions\/4751"}],"wp:attachment":[{"href":"https:\/\/geschwister-scholl-schule-niedergirmes.de\/index.php?rest_route=%2Fwp%2Fv2%2Fmedia&parent=4749"}],"curies":[{"name":"wp","href":"https:\/\/api.w.org\/{rel}","templated":true}]}}