{"id":4732,"date":"2026-01-05T12:17:04","date_gmt":"2026-01-05T11:17:04","guid":{"rendered":"https:\/\/geschwister-scholl-schule-niedergirmes.de\/?page_id=4732"},"modified":"2026-01-05T12:20:10","modified_gmt":"2026-01-05T11:20:10","slug":"jedes-kind-zaehlt-jede-blume-zaehlt-pflanzaktion-fruehblueher","status":"publish","type":"page","link":"https:\/\/geschwister-scholl-schule-niedergirmes.de\/?page_id=4732","title":{"rendered":"Jedes Kind z\u00e4hlt \u2013 jede Blume z\u00e4hlt: Pflanzaktion Fr\u00fchbl\u00fcher"},"content":{"rendered":"<p>Am 20. November haben unsere Sch\u00fclerinnen und Sch\u00fcler mit viel Begeisterung\u00a0<strong>1500 gespendete Fr\u00fchbl\u00fcherzwiebeln<\/strong>\u00a0auf dem Schulgel\u00e4nde gepflanzt. Jede Klasse erhielt ein eigenes Beet, f\u00fcr das sie verantwortlich ist. Dieser Tag fiel auf den\u00a0<strong>Tag der Kinderrechte<\/strong>, und unter dem Motto \u201eJedes Kind z\u00e4hlt \u2013 jede Blume z\u00e4hlt\u201c setzen wir ein Zeichen f\u00fcr die Bedeutung jedes einzelnen Kindes.<\/p>\n<p>Der Donnerstag war sonnig, und die Kinder freuten sich sehr auf diese besondere Aktion. Zun\u00e4chst machten sie L\u00f6cher in die Erde ihrer Beete, legten die verschiedenen Zwiebeln hinein und gaben anschlie\u00dfend etwas Erde dar\u00fcber. Im Unterricht hatten wir zuvor ausf\u00fchrlich besprochen, wie ein Fr\u00fchbl\u00fcher im Jahresverlauf ruht, w\u00e4chst, bl\u00fcht, verbl\u00fcht und schlie\u00dflich wieder ruht.<\/p>\n<p>Diese Pflanzaktion, die vom <strong>Imkerverein Wetzlar e.V.<\/strong> entwickelt wurde, wird aktiv von\u00a0<strong>Enwag<\/strong>\u00a0unterst\u00fctzt. Ziel ist es, durch das Pflanzen von Zwiebeln wie Krokussen, Narzissen und Schneegl\u00f6ckchen die\u00a0<strong>Artenvielfalt<\/strong>\u00a0zu st\u00e4rken und den Kindern spielerisch die Bedeutung gesunder Lebensr\u00e4ume n\u00e4herzubringen. Die Kinder lernten auch, wie wichtig Fr\u00fchbl\u00fcher f\u00fcr Bienen und andere Insekten sind, die nach dem Winter dringend Energie ben\u00f6tigen.<\/p>\n<p>Im kommenden Fr\u00fchjahr werden die ausgew\u00e4hlten Fl\u00e4chen in bunte Bl\u00fctenfelder verwandelt. Alle sind gespannt, wie die unterschiedlichen Bl\u00fcten im n\u00e4chsten Jahr aussehen werden und welche Insekten uns besuchen kommen.<\/p>\n<p>Ein herzliches Dankesch\u00f6n geht an\u00a0<strong>Enwag<\/strong>\u00a0und die\u00a0<strong>Imkervereinigung Wetzlar<\/strong>\u00a0f\u00fcr ihre gro\u00dfz\u00fcgige Unterst\u00fctzung! Wir freuen uns auf die kommenden Fr\u00fchbl\u00fcher und die damit verbundenen neuen Lernm\u00f6glichkeiten.<\/p>\n<p><a href=\"https:\/\/geschwister-scholl-schule-niedergirmes.de\/?attachment_id=4691\" rel=\"attachment wp-att-4691\"><img loading=\"lazy\" decoding=\"async\" class=\"aligncenter size-large wp-image-4691\" src=\"https:\/\/geschwister-scholl-schule-niedergirmes.de\/wp-content\/uploads\/2025\/12\/IMG_20251130_213629-736x1024.jpg\" alt=\"\" width=\"736\" height=\"1024\" srcset=\"https:\/\/geschwister-scholl-schule-niedergirmes.de\/wp-content\/uploads\/2025\/12\/IMG_20251130_213629-736x1024.jpg 736w, https:\/\/geschwister-scholl-schule-niedergirmes.de\/wp-content\/uploads\/2025\/12\/IMG_20251130_213629-216x300.jpg 216w, https:\/\/geschwister-scholl-schule-niedergirmes.de\/wp-content\/uploads\/2025\/12\/IMG_20251130_213629-768x1068.jpg 768w, https:\/\/geschwister-scholl-schule-niedergirmes.de\/wp-content\/uploads\/2025\/12\/IMG_20251130_213629-1104x1536.jpg 1104w, https:\/\/geschwister-scholl-schule-niedergirmes.de\/wp-content\/uploads\/2025\/12\/IMG_20251130_213629-1473x2048.jpg 1473w, https:\/\/geschwister-scholl-schule-niedergirmes.de\/wp-content\/uploads\/2025\/12\/IMG_20251130_213629-1800x2503.jpg 1800w, https:\/\/geschwister-scholl-schule-niedergirmes.de\/wp-content\/uploads\/2025\/12\/IMG_20251130_213629-scaled.jpg 1841w\" sizes=\"auto, (max-width: 736px) 100vw, 736px\" \/><\/a><a href=\"https:\/\/geschwister-scholl-schule-niedergirmes.de\/?attachment_id=4690\" rel=\"attachment wp-att-4690\"><img loading=\"lazy\" decoding=\"async\" class=\"aligncenter size-large wp-image-4690\" src=\"https:\/\/geschwister-scholl-schule-niedergirmes.de\/wp-content\/uploads\/2025\/12\/IMG_20251130_213652-726x1024.jpg\" alt=\"\" width=\"726\" height=\"1024\" srcset=\"https:\/\/geschwister-scholl-schule-niedergirmes.de\/wp-content\/uploads\/2025\/12\/IMG_20251130_213652-726x1024.jpg 726w, https:\/\/geschwister-scholl-schule-niedergirmes.de\/wp-content\/uploads\/2025\/12\/IMG_20251130_213652-213x300.jpg 213w, https:\/\/geschwister-scholl-schule-niedergirmes.de\/wp-content\/uploads\/2025\/12\/IMG_20251130_213652-768x1084.jpg 768w, https:\/\/geschwister-scholl-schule-niedergirmes.de\/wp-content\/uploads\/2025\/12\/IMG_20251130_213652-1088x1536.jpg 1088w, https:\/\/geschwister-scholl-schule-niedergirmes.de\/wp-content\/uploads\/2025\/12\/IMG_20251130_213652-1451x2048.jpg 1451w, https:\/\/geschwister-scholl-schule-niedergirmes.de\/wp-content\/uploads\/2025\/12\/IMG_20251130_213652-1800x2540.jpg 1800w, https:\/\/geschwister-scholl-schule-niedergirmes.de\/wp-content\/uploads\/2025\/12\/IMG_20251130_213652-scaled.jpg 1814w\" sizes=\"auto, (max-width: 726px) 100vw, 726px\" \/><\/a><a href=\"https:\/\/geschwister-scholl-schule-niedergirmes.de\/?attachment_id=4689\" rel=\"attachment wp-att-4689\"><img loading=\"lazy\" decoding=\"async\" class=\"aligncenter size-large wp-image-4689\" src=\"https:\/\/geschwister-scholl-schule-niedergirmes.de\/wp-content\/uploads\/2025\/12\/IMG_20251120_103542-768x1024.jpg\" alt=\"\" width=\"768\" height=\"1024\" srcset=\"https:\/\/geschwister-scholl-schule-niedergirmes.de\/wp-content\/uploads\/2025\/12\/IMG_20251120_103542-768x1024.jpg 768w, https:\/\/geschwister-scholl-schule-niedergirmes.de\/wp-content\/uploads\/2025\/12\/IMG_20251120_103542-225x300.jpg 225w, https:\/\/geschwister-scholl-schule-niedergirmes.de\/wp-content\/uploads\/2025\/12\/IMG_20251120_103542-1152x1536.jpg 1152w, https:\/\/geschwister-scholl-schule-niedergirmes.de\/wp-content\/uploads\/2025\/12\/IMG_20251120_103542-1536x2048.jpg 1536w, https:\/\/geschwister-scholl-schule-niedergirmes.de\/wp-content\/uploads\/2025\/12\/IMG_20251120_103542-1800x2400.jpg 1800w, https:\/\/geschwister-scholl-schule-niedergirmes.de\/wp-content\/uploads\/2025\/12\/IMG_20251120_103542-900x1200.jpg 900w, https:\/\/geschwister-scholl-schule-niedergirmes.de\/wp-content\/uploads\/2025\/12\/IMG_20251120_103542-scaled.jpg 1920w\" sizes=\"auto, (max-width: 768px) 100vw, 768px\" \/><\/a><a href=\"https:\/\/geschwister-scholl-schule-niedergirmes.de\/?attachment_id=4688\" rel=\"attachment wp-att-4688\"><img loading=\"lazy\" decoding=\"async\" class=\"aligncenter size-large wp-image-4688\" src=\"https:\/\/geschwister-scholl-schule-niedergirmes.de\/wp-content\/uploads\/2025\/12\/IMG_20251120_104739-768x1024.jpg\" alt=\"\" width=\"768\" height=\"1024\" srcset=\"https:\/\/geschwister-scholl-schule-niedergirmes.de\/wp-content\/uploads\/2025\/12\/IMG_20251120_104739-768x1024.jpg 768w, https:\/\/geschwister-scholl-schule-niedergirmes.de\/wp-content\/uploads\/2025\/12\/IMG_20251120_104739-225x300.jpg 225w, https:\/\/geschwister-scholl-schule-niedergirmes.de\/wp-content\/uploads\/2025\/12\/IMG_20251120_104739-1152x1536.jpg 1152w, https:\/\/geschwister-scholl-schule-niedergirmes.de\/wp-content\/uploads\/2025\/12\/IMG_20251120_104739-1536x2048.jpg 1536w, https:\/\/geschwister-scholl-schule-niedergirmes.de\/wp-content\/uploads\/2025\/12\/IMG_20251120_104739-1800x2400.jpg 1800w, https:\/\/geschwister-scholl-schule-niedergirmes.de\/wp-content\/uploads\/2025\/12\/IMG_20251120_104739-900x1200.jpg 900w, https:\/\/geschwister-scholl-schule-niedergirmes.de\/wp-content\/uploads\/2025\/12\/IMG_20251120_104739-scaled.jpg 1920w\" sizes=\"auto, (max-width: 768px) 100vw, 768px\" \/><\/a><a href=\"https:\/\/geschwister-scholl-schule-niedergirmes.de\/?attachment_id=4687\" rel=\"attachment wp-att-4687\"><img loading=\"lazy\" decoding=\"async\" class=\"aligncenter size-large wp-image-4687\" src=\"https:\/\/geschwister-scholl-schule-niedergirmes.de\/wp-content\/uploads\/2025\/12\/IMG_20251130_214129-933x1024.jpg\" alt=\"\" width=\"900\" height=\"988\" srcset=\"https:\/\/geschwister-scholl-schule-niedergirmes.de\/wp-content\/uploads\/2025\/12\/IMG_20251130_214129-933x1024.jpg 933w, https:\/\/geschwister-scholl-schule-niedergirmes.de\/wp-content\/uploads\/2025\/12\/IMG_20251130_214129-273x300.jpg 273w, https:\/\/geschwister-scholl-schule-niedergirmes.de\/wp-content\/uploads\/2025\/12\/IMG_20251130_214129-768x843.jpg 768w, https:\/\/geschwister-scholl-schule-niedergirmes.de\/wp-content\/uploads\/2025\/12\/IMG_20251130_214129-1400x1536.jpg 1400w, https:\/\/geschwister-scholl-schule-niedergirmes.de\/wp-content\/uploads\/2025\/12\/IMG_20251130_214129-1866x2048.jpg 1866w, https:\/\/geschwister-scholl-schule-niedergirmes.de\/wp-content\/uploads\/2025\/12\/IMG_20251130_214129-1800x1975.jpg 1800w, https:\/\/geschwister-scholl-schule-niedergirmes.de\/wp-content\/uploads\/2025\/12\/IMG_20251130_214129.jpg 2032w\" sizes=\"auto, (max-width: 900px) 100vw, 900px\" \/><\/a><\/p>\n","protected":false},"excerpt":{"rendered":"<p>Am 20. November haben unsere Sch\u00fclerinnen und Sch\u00fcler mit viel Begeisterung\u00a01500 gespendete Fr\u00fchbl\u00fcherzwiebeln\u00a0auf dem Schulgel\u00e4nde gepflanzt. Jede Klasse erhielt ein eigenes Beet, f\u00fcr das sie verantwortlich ist. Dieser Tag fiel auf den\u00a0Tag der Kinderrechte, und unter dem Motto \u201eJedes Kind z\u00e4hlt \u2013 jede Blume z\u00e4hlt\u201c setzen wir ein Zeichen f\u00fcr die Bedeutung jedes einzelnen Kindes. Der Donnerstag war sonnig, und die Kinder freuten sich sehr auf diese besondere Aktion. Zun\u00e4chst machten sie L\u00f6cher in die Erde ihrer Beete, legten die verschiedenen Zwiebeln hinein und gaben anschlie\u00dfend etwas Erde dar\u00fcber. Im Unterricht hatten wir zuvor ausf\u00fchrlich besprochen, wie ein Fr\u00fchbl\u00fcher im Jahresverlauf ruht, w\u00e4chst, bl\u00fcht, verbl\u00fcht und schlie\u00dflich wieder ruht. Diese Pflanzaktion, die vom Imkerverein Wetzlar e.V. entwickelt wurde, wird aktiv von\u00a0Enwag\u00a0unterst\u00fctzt. Ziel ist es, durch das Pflanzen von Zwiebeln wie Krokussen, Narzissen und Schneegl\u00f6ckchen die\u00a0Artenvielfalt\u00a0zu st\u00e4rken und den Kindern spielerisch die Bedeutung gesunder Lebensr\u00e4ume n\u00e4herzubringen. Die Kinder lernten auch, wie wichtig Fr\u00fchbl\u00fcher f\u00fcr Bienen und andere Insekten sind, die nach dem Winter dringend Energie ben\u00f6tigen. Im kommenden Fr\u00fchjahr werden die ausgew\u00e4hlten Fl\u00e4chen in bunte Bl\u00fctenfelder verwandelt. Alle sind gespannt, wie die unterschiedlichen Bl\u00fcten im n\u00e4chsten Jahr aussehen werden und welche Insekten uns besuchen kommen. Ein herzliches Dankesch\u00f6n geht an\u00a0Enwag\u00a0und die\u00a0Imkervereinigung Wetzlar\u00a0f\u00fcr ihre gro\u00dfz\u00fcgige Unterst\u00fctzung! Wir freuen uns auf die kommenden Fr\u00fchbl\u00fcher und die damit verbundenen neuen Lernm\u00f6glichkeiten.<\/p>\n","protected":false},"author":1,"featured_media":0,"parent":0,"menu_order":0,"comment_status":"closed","ping_status":"closed","template":"","meta":{"footnotes":""},"class_list":["post-4732","page","type-page","status-publish","hentry"],"_links":{"self":[{"href":"https:\/\/geschwister-scholl-schule-niedergirmes.de\/index.php?rest_route=\/wp\/v2\/pages\/4732","targetHints":{"allow":["GET"]}}],"collection":[{"href":"https:\/\/geschwister-scholl-schule-niedergirmes.de\/index.php?rest_route=\/wp\/v2\/pages"}],"about":[{"href":"https:\/\/geschwister-scholl-schule-niedergirmes.de\/index.php?rest_route=\/wp\/v2\/types\/page"}],"author":[{"embeddable":true,"href":"https:\/\/geschwister-scholl-schule-niedergirmes.de\/index.php?rest_route=\/wp\/v2\/users\/1"}],"replies":[{"embeddable":true,"href":"https:\/\/geschwister-scholl-schule-niedergirmes.de\/index.php?rest_route=%2Fwp%2Fv2%2Fcomments&post=4732"}],"version-history":[{"count":2,"href":"https:\/\/geschwister-scholl-schule-niedergirmes.de\/index.php?rest_route=\/wp\/v2\/pages\/4732\/revisions"}],"predecessor-version":[{"id":4742,"href":"https:\/\/geschwister-scholl-schule-niedergirmes.de\/index.php?rest_route=\/wp\/v2\/pages\/4732\/revisions\/4742"}],"wp:attachment":[{"href":"https:\/\/geschwister-scholl-schule-niedergirmes.de\/index.php?rest_route=%2Fwp%2Fv2%2Fmedia&parent=4732"}],"curies":[{"name":"wp","href":"https:\/\/api.w.org\/{rel}","templated":true}]}}