{"id":4729,"date":"2026-01-05T12:16:11","date_gmt":"2026-01-05T11:16:11","guid":{"rendered":"https:\/\/geschwister-scholl-schule-niedergirmes.de\/?page_id=4729"},"modified":"2026-01-05T12:16:11","modified_gmt":"2026-01-05T11:16:11","slug":"ein-anhaenger-fuer-den-mint-weihnachtsbaum","status":"publish","type":"page","link":"https:\/\/geschwister-scholl-schule-niedergirmes.de\/?page_id=4729","title":{"rendered":"Ein Anh\u00e4nger f\u00fcr den MINT Weihnachtsbaum"},"content":{"rendered":"<p><em>Die GSS ist dabei! Die MINTfreundlichen Schulen wurden ausgew\u00e4hlt, um einen Anh\u00e4nger f\u00fcr den MINT-Weihnachtsbaum der Initiative &#8222;MINT Zukunft e.V&#8220; zu gestalten und nach Berlin zu schicken.<\/em><\/p>\n<p>MINT Zukunft e. V. vergibt unter der Schirmherrschaft des Bundeskanzlers jedes Jahr das Qualit\u00e4tssiegel \u201eMINTfreundliche Schule, welches die Geschwister-Scholl-Schule seit 2024 besitzt.<\/p>\n<p>Wir freuen uns, dass wir dabei sind! Unser Brief ist auf dem Weg nach Berlin&#8230;<\/p>\n<p><a href=\"https:\/\/geschwister-scholl-schule-niedergirmes.de\/?attachment_id=4706\" rel=\"attachment wp-att-4706\"><img loading=\"lazy\" decoding=\"async\" class=\"aligncenter size-full wp-image-4706\" src=\"https:\/\/geschwister-scholl-schule-niedergirmes.de\/wp-content\/uploads\/2025\/12\/Anhaenger.png\" alt=\"\" width=\"605\" height=\"366\" srcset=\"https:\/\/geschwister-scholl-schule-niedergirmes.de\/wp-content\/uploads\/2025\/12\/Anhaenger.png 605w, https:\/\/geschwister-scholl-schule-niedergirmes.de\/wp-content\/uploads\/2025\/12\/Anhaenger-300x181.png 300w\" sizes=\"auto, (max-width: 605px) 100vw, 605px\" \/><\/a><\/p>\n","protected":false},"excerpt":{"rendered":"<p>Die GSS ist dabei! Die MINTfreundlichen Schulen wurden ausgew\u00e4hlt, um einen Anh\u00e4nger f\u00fcr den MINT-Weihnachtsbaum der Initiative &#8222;MINT Zukunft e.V&#8220; zu gestalten und nach Berlin zu schicken. MINT Zukunft e. V. vergibt unter der Schirmherrschaft des Bundeskanzlers jedes Jahr das Qualit\u00e4tssiegel \u201eMINTfreundliche Schule, welches die Geschwister-Scholl-Schule seit 2024 besitzt. Wir freuen uns, dass wir dabei sind! Unser Brief ist auf dem Weg nach Berlin&#8230;<\/p>\n","protected":false},"author":1,"featured_media":0,"parent":0,"menu_order":0,"comment_status":"closed","ping_status":"closed","template":"","meta":{"footnotes":""},"class_list":["post-4729","page","type-page","status-publish","hentry"],"_links":{"self":[{"href":"https:\/\/geschwister-scholl-schule-niedergirmes.de\/index.php?rest_route=\/wp\/v2\/pages\/4729","targetHints":{"allow":["GET"]}}],"collection":[{"href":"https:\/\/geschwister-scholl-schule-niedergirmes.de\/index.php?rest_route=\/wp\/v2\/pages"}],"about":[{"href":"https:\/\/geschwister-scholl-schule-niedergirmes.de\/index.php?rest_route=\/wp\/v2\/types\/page"}],"author":[{"embeddable":true,"href":"https:\/\/geschwister-scholl-schule-niedergirmes.de\/index.php?rest_route=\/wp\/v2\/users\/1"}],"replies":[{"embeddable":true,"href":"https:\/\/geschwister-scholl-schule-niedergirmes.de\/index.php?rest_route=%2Fwp%2Fv2%2Fcomments&post=4729"}],"version-history":[{"count":1,"href":"https:\/\/geschwister-scholl-schule-niedergirmes.de\/index.php?rest_route=\/wp\/v2\/pages\/4729\/revisions"}],"predecessor-version":[{"id":4731,"href":"https:\/\/geschwister-scholl-schule-niedergirmes.de\/index.php?rest_route=\/wp\/v2\/pages\/4729\/revisions\/4731"}],"wp:attachment":[{"href":"https:\/\/geschwister-scholl-schule-niedergirmes.de\/index.php?rest_route=%2Fwp%2Fv2%2Fmedia&parent=4729"}],"curies":[{"name":"wp","href":"https:\/\/api.w.org\/{rel}","templated":true}]}}