{"id":4477,"date":"2025-05-12T14:36:13","date_gmt":"2025-05-12T12:36:13","guid":{"rendered":"https:\/\/geschwister-scholl-schule-niedergirmes.de\/?page_id=4477"},"modified":"2025-05-12T14:36:13","modified_gmt":"2025-05-12T12:36:13","slug":"foerderverein-der-geschwister-scholl-schule","status":"publish","type":"page","link":"https:\/\/geschwister-scholl-schule-niedergirmes.de\/?page_id=4477","title":{"rendered":"F\u00f6rderverein der Geschwister-Scholl-Schule"},"content":{"rendered":"<p>&nbsp;<\/p>\n<p><strong>Seit Februar 2025 hat die Geschwister-Scholl-Schule wieder einen F\u00f6rderverein!<\/strong> Vielen Dank an dieser Stelle an die Eltern und Lehrkr\u00e4fte, die sich bereit erkl\u00e4rt haben, gemeinsam mit der Schulleitung diesen Schritt zu gehen!<\/p>\n<h4 style=\"text-align: center;\">Die Gr\u00fcndungsmitglieder<\/h4>\n<h4 style=\"text-align: center;\"><a href=\"https:\/\/geschwister-scholl-schule-niedergirmes.de\/?attachment_id=4496\" rel=\"attachment wp-att-4496\"><img loading=\"lazy\" decoding=\"async\" class=\"aligncenter  wp-image-4496\" src=\"https:\/\/geschwister-scholl-schule-niedergirmes.de\/wp-content\/uploads\/2025\/05\/Gruendung-Foerderverein-2025_2-1024x367.jpg\" alt=\"\" width=\"733\" height=\"263\" srcset=\"https:\/\/geschwister-scholl-schule-niedergirmes.de\/wp-content\/uploads\/2025\/05\/Gruendung-Foerderverein-2025_2-1024x367.jpg 1024w, https:\/\/geschwister-scholl-schule-niedergirmes.de\/wp-content\/uploads\/2025\/05\/Gruendung-Foerderverein-2025_2-300x108.jpg 300w, https:\/\/geschwister-scholl-schule-niedergirmes.de\/wp-content\/uploads\/2025\/05\/Gruendung-Foerderverein-2025_2-768x275.jpg 768w, https:\/\/geschwister-scholl-schule-niedergirmes.de\/wp-content\/uploads\/2025\/05\/Gruendung-Foerderverein-2025_2-1536x551.jpg 1536w, https:\/\/geschwister-scholl-schule-niedergirmes.de\/wp-content\/uploads\/2025\/05\/Gruendung-Foerderverein-2025_2-2048x735.jpg 2048w, https:\/\/geschwister-scholl-schule-niedergirmes.de\/wp-content\/uploads\/2025\/05\/Gruendung-Foerderverein-2025_2-1800x646.jpg 1800w\" sizes=\"auto, (max-width: 733px) 100vw, 733px\" \/><\/a><\/h4>\n<p>&nbsp;<\/p>\n<p>&nbsp;<\/p>\n<p style=\"text-align: left;\"><span style=\"color: #0000ff;\"><strong>Der Vorstand stellt sich vor:<\/strong><\/span><\/p>\n<p style=\"text-align: left;\"><strong>\u00a01. Vorsitzende:<\/strong> Marion Weber (Schulleitung), <strong>2. Vorsitzende:<\/strong> Jasmin Fritsch (Konrektorin), <strong>Schatzmeisterin:<\/strong> Stephanie R\u00f6mschied (Elternschaft)<\/p>\n<p><span style=\"color: #0000ff;\"><strong>Wozu ein F\u00f6rderverein?<\/strong><\/span><\/p>\n<p>Die Einnahmen der Spendengelder und Erl\u00f6se aus Speisenverk\u00e4ufen etc., k\u00f6nnen wir f\u00fcr die Kinder unserer Schule f\u00fcr Anschaffungen nutzen, wie z.B. f\u00fcr Spiele oder aber auch als finanzielle Unterst\u00fctzung f\u00fcr Aktivit\u00e4ten (Theater, Ausfl\u00fcge, etc.).<\/p>\n<p><span style=\"color: #0000ff;\"><strong>Mitgliedschaft:<\/strong><\/span><\/p>\n<p>Wir haben uns dazu entschieden, keine Beitr\u00e4ge f\u00fcr die Mitgliedschaft in unserem F\u00f6rderverein zu erheben, die Mitgliedschaft ist also kostenfrei. Die Mitglieder werden lediglich einmal im Jahr zu einer Mitgliederversammlung eingeladen. Dort wird \u00fcber vergangene oder anstehende Projekte der Schule informiert. Hier k\u00f6nnen auch Vorschl\u00e4ge \u00fcber den Einsatz der finanziellen Mittel an den Vorstand herangetragen werden. Sie gehen keinerlei Verpflichtungen ein, unsere Gemeinschaft w\u00e4chst lediglich f\u00fcr eine Unterst\u00fctzung IHRER Kinder &#8211; und das ist sch\u00f6n! Demn\u00e4chst werden wir ein Mitgliedsantrag erstellen und Ihnen zur Verf\u00fcgung stellen, wir freuen uns \u00fcber viele Mitglieder &#8211; Herzlich Willkommen!<\/p>\n<p><span style=\"color: #0000ff;\"><strong>Spenden:<\/strong><\/span><\/p>\n<p>Sie k\u00f6nnen uns aber auch jederzeit eine Geldspende zukommen lassen, einfach den QR-Code scannen und los geht\u00b4s &#8211; <strong>Vielen DANK!<\/strong><\/p>\n<p><a href=\"https:\/\/geschwister-scholl-schule-niedergirmes.de\/?attachment_id=4470\" rel=\"attachment wp-att-4470\"><img loading=\"lazy\" decoding=\"async\" class=\"aligncenter size-full wp-image-4470\" src=\"https:\/\/geschwister-scholl-schule-niedergirmes.de\/wp-content\/uploads\/2025\/05\/1000125047.jpg\" alt=\"\" width=\"500\" height=\"500\" srcset=\"https:\/\/geschwister-scholl-schule-niedergirmes.de\/wp-content\/uploads\/2025\/05\/1000125047.jpg 500w, https:\/\/geschwister-scholl-schule-niedergirmes.de\/wp-content\/uploads\/2025\/05\/1000125047-300x300.jpg 300w, https:\/\/geschwister-scholl-schule-niedergirmes.de\/wp-content\/uploads\/2025\/05\/1000125047-150x150.jpg 150w\" sizes=\"auto, (max-width: 500px) 100vw, 500px\" \/><\/a><\/p>\n","protected":false},"excerpt":{"rendered":"<p>&nbsp; Seit Februar 2025 hat die Geschwister-Scholl-Schule wieder einen F\u00f6rderverein! Vielen Dank an dieser Stelle an die Eltern und Lehrkr\u00e4fte, die sich bereit erkl\u00e4rt haben, gemeinsam mit der Schulleitung diesen Schritt zu gehen! Die Gr\u00fcndungsmitglieder &nbsp; &nbsp; Der Vorstand stellt sich vor: \u00a01. Vorsitzende: Marion Weber (Schulleitung), 2. Vorsitzende: Jasmin Fritsch (Konrektorin), Schatzmeisterin: Stephanie R\u00f6mschied (Elternschaft) Wozu ein F\u00f6rderverein? Die Einnahmen der Spendengelder und Erl\u00f6se aus Speisenverk\u00e4ufen etc., k\u00f6nnen wir f\u00fcr die Kinder unserer Schule f\u00fcr Anschaffungen nutzen, wie z.B. f\u00fcr Spiele oder aber auch als finanzielle Unterst\u00fctzung f\u00fcr Aktivit\u00e4ten (Theater, Ausfl\u00fcge, etc.). Mitgliedschaft: Wir haben uns dazu entschieden, keine Beitr\u00e4ge f\u00fcr die Mitgliedschaft in unserem F\u00f6rderverein zu erheben, die Mitgliedschaft ist also kostenfrei. Die Mitglieder werden lediglich einmal im Jahr zu einer Mitgliederversammlung eingeladen. Dort wird \u00fcber vergangene oder anstehende Projekte der Schule informiert. Hier k\u00f6nnen auch Vorschl\u00e4ge \u00fcber den Einsatz der finanziellen Mittel an den Vorstand herangetragen werden. Sie gehen keinerlei Verpflichtungen ein, unsere Gemeinschaft w\u00e4chst lediglich f\u00fcr eine Unterst\u00fctzung IHRER Kinder &#8211; und das ist sch\u00f6n! Demn\u00e4chst werden wir ein Mitgliedsantrag erstellen und Ihnen zur Verf\u00fcgung stellen, wir freuen uns \u00fcber viele Mitglieder &#8211; Herzlich Willkommen! Spenden: Sie k\u00f6nnen uns aber auch jederzeit eine Geldspende zukommen lassen, einfach den QR-Code scannen und los geht\u00b4s &#8211; Vielen DANK!<\/p>\n","protected":false},"author":1,"featured_media":0,"parent":0,"menu_order":0,"comment_status":"closed","ping_status":"closed","template":"","meta":{"footnotes":""},"class_list":["post-4477","page","type-page","status-publish","hentry"],"_links":{"self":[{"href":"https:\/\/geschwister-scholl-schule-niedergirmes.de\/index.php?rest_route=\/wp\/v2\/pages\/4477","targetHints":{"allow":["GET"]}}],"collection":[{"href":"https:\/\/geschwister-scholl-schule-niedergirmes.de\/index.php?rest_route=\/wp\/v2\/pages"}],"about":[{"href":"https:\/\/geschwister-scholl-schule-niedergirmes.de\/index.php?rest_route=\/wp\/v2\/types\/page"}],"author":[{"embeddable":true,"href":"https:\/\/geschwister-scholl-schule-niedergirmes.de\/index.php?rest_route=\/wp\/v2\/users\/1"}],"replies":[{"embeddable":true,"href":"https:\/\/geschwister-scholl-schule-niedergirmes.de\/index.php?rest_route=%2Fwp%2Fv2%2Fcomments&post=4477"}],"version-history":[{"count":16,"href":"https:\/\/geschwister-scholl-schule-niedergirmes.de\/index.php?rest_route=\/wp\/v2\/pages\/4477\/revisions"}],"predecessor-version":[{"id":4499,"href":"https:\/\/geschwister-scholl-schule-niedergirmes.de\/index.php?rest_route=\/wp\/v2\/pages\/4477\/revisions\/4499"}],"wp:attachment":[{"href":"https:\/\/geschwister-scholl-schule-niedergirmes.de\/index.php?rest_route=%2Fwp%2Fv2%2Fmedia&parent=4477"}],"curies":[{"name":"wp","href":"https:\/\/api.w.org\/{rel}","templated":true}]}}