{"id":4405,"date":"2025-04-11T09:21:45","date_gmt":"2025-04-11T07:21:45","guid":{"rendered":"https:\/\/geschwister-scholl-schule-niedergirmes.de\/?page_id=4405"},"modified":"2025-05-12T08:16:17","modified_gmt":"2025-05-12T06:16:17","slug":"ausserschulische-lernorte","status":"publish","type":"page","link":"https:\/\/geschwister-scholl-schule-niedergirmes.de\/?page_id=4405","title":{"rendered":"Au\u00dferschulische Lernorte"},"content":{"rendered":"<p><strong>Besuch au\u00dferschulischer Lernorte<\/strong><\/p>\n<p>Im Laufe ihrer Grundschulzeit sollen unsere Sch\u00fclerinnen und Sch\u00fcler die M\u00f6glichkeit erhalten verschiedene au\u00dferschulische Lernorte zu besuchen und ihr im Unterricht erworbenes Wissen zu vertiefen. Dadurch soll ihre Neugier geweckt und die Kinder motiviert werden sich auch \u00fcber den Unterricht hinaus mit MINT-Themen zu besch\u00e4ftigen.<\/p>\n<table width=\"650\">\n<tbody>\n<tr>\n<td width=\"130\"><strong>Jahrgangsstufe<\/strong><\/td>\n<td width=\"246\"><strong>Au\u00dferschulischer Lernort<\/strong><\/td>\n<td width=\"274\"><strong>Wann?<\/strong><\/td>\n<\/tr>\n<tr>\n<td width=\"130\">E1<\/p>\n<p>&nbsp;<\/td>\n<td width=\"246\">Tierpark Weilburg<\/td>\n<td width=\"274\">2.Halbjahr<\/td>\n<\/tr>\n<tr>\n<td width=\"130\">E2<\/p>\n<p>&nbsp;<\/td>\n<td width=\"246\">Minimathematikum Gie\u00dfen<\/td>\n<td width=\"274\">2.Halbjahr<\/td>\n<\/tr>\n<tr>\n<td width=\"130\">2<\/p>\n<p>&nbsp;<\/td>\n<td width=\"246\">Chemikum Marburg<\/td>\n<td width=\"274\">Jahreszeitenmodul Fr\u00fchling<\/td>\n<\/tr>\n<tr>\n<td width=\"130\">2<\/p>\n<p>&nbsp;<\/td>\n<td width=\"246\">Lernbauernhof Junges Gem\u00fcse Asslar-Werdorf<\/td>\n<td width=\"274\">April-September<\/td>\n<\/tr>\n<tr>\n<td width=\"130\">2-4<\/p>\n<p>&nbsp;<\/td>\n<td width=\"246\">Viseum Wetzlar<\/td>\n<td width=\"274\">Individuell<\/td>\n<\/tr>\n<tr>\n<td width=\"130\">3<\/p>\n<p>&nbsp;<\/td>\n<td width=\"246\">Besuch der Feuerwehr Brandschutzerziehung<\/td>\n<td width=\"274\">Nach Absprache mit Feuerwehr<\/td>\n<\/tr>\n<tr>\n<td width=\"130\">3\/4<\/td>\n<td width=\"246\">Chemikum Marburg<\/td>\n<td width=\"274\">Jahreszeitenmodul\u00a0 Herbst\/Winter<\/td>\n<\/tr>\n<tr>\n<td width=\"130\">3\/4<\/p>\n<p>&nbsp;<\/td>\n<td width=\"246\">Mathematikum Gie\u00dfen<\/td>\n<td width=\"274\">Individuell<\/td>\n<\/tr>\n<tr>\n<td width=\"130\">4<\/p>\n<p>&nbsp;<\/td>\n<td width=\"246\">Experimentiertag Asslar<\/td>\n<td width=\"274\">Nach Absprache mit der Alexander v. Humboldt Schule<\/td>\n<\/tr>\n<\/tbody>\n<\/table>\n<p>&nbsp;<\/p>\n","protected":false},"excerpt":{"rendered":"<p>Besuch au\u00dferschulischer Lernorte Im Laufe ihrer Grundschulzeit sollen unsere Sch\u00fclerinnen und Sch\u00fcler die M\u00f6glichkeit erhalten verschiedene au\u00dferschulische Lernorte zu besuchen und ihr im Unterricht erworbenes Wissen zu vertiefen. Dadurch soll ihre Neugier geweckt und die Kinder motiviert werden sich auch \u00fcber den Unterricht hinaus mit MINT-Themen zu besch\u00e4ftigen. Jahrgangsstufe Au\u00dferschulischer Lernort Wann? E1 &nbsp; Tierpark Weilburg 2.Halbjahr E2 &nbsp; Minimathematikum Gie\u00dfen 2.Halbjahr 2 &nbsp; Chemikum Marburg Jahreszeitenmodul Fr\u00fchling 2 &nbsp; Lernbauernhof Junges Gem\u00fcse Asslar-Werdorf April-September 2-4 &nbsp; Viseum Wetzlar Individuell 3 &nbsp; Besuch der Feuerwehr Brandschutzerziehung Nach Absprache mit Feuerwehr 3\/4 Chemikum Marburg Jahreszeitenmodul\u00a0 Herbst\/Winter 3\/4 &nbsp; Mathematikum Gie\u00dfen Individuell 4 &nbsp; Experimentiertag Asslar Nach Absprache mit der Alexander v. Humboldt Schule &nbsp;<\/p>\n","protected":false},"author":1,"featured_media":0,"parent":0,"menu_order":0,"comment_status":"closed","ping_status":"closed","template":"","meta":{"footnotes":""},"class_list":["post-4405","page","type-page","status-publish","hentry"],"_links":{"self":[{"href":"https:\/\/geschwister-scholl-schule-niedergirmes.de\/index.php?rest_route=\/wp\/v2\/pages\/4405","targetHints":{"allow":["GET"]}}],"collection":[{"href":"https:\/\/geschwister-scholl-schule-niedergirmes.de\/index.php?rest_route=\/wp\/v2\/pages"}],"about":[{"href":"https:\/\/geschwister-scholl-schule-niedergirmes.de\/index.php?rest_route=\/wp\/v2\/types\/page"}],"author":[{"embeddable":true,"href":"https:\/\/geschwister-scholl-schule-niedergirmes.de\/index.php?rest_route=\/wp\/v2\/users\/1"}],"replies":[{"embeddable":true,"href":"https:\/\/geschwister-scholl-schule-niedergirmes.de\/index.php?rest_route=%2Fwp%2Fv2%2Fcomments&post=4405"}],"version-history":[{"count":3,"href":"https:\/\/geschwister-scholl-schule-niedergirmes.de\/index.php?rest_route=\/wp\/v2\/pages\/4405\/revisions"}],"predecessor-version":[{"id":4468,"href":"https:\/\/geschwister-scholl-schule-niedergirmes.de\/index.php?rest_route=\/wp\/v2\/pages\/4405\/revisions\/4468"}],"wp:attachment":[{"href":"https:\/\/geschwister-scholl-schule-niedergirmes.de\/index.php?rest_route=%2Fwp%2Fv2%2Fmedia&parent=4405"}],"curies":[{"name":"wp","href":"https:\/\/api.w.org\/{rel}","templated":true}]}}