{"id":3938,"date":"2023-11-18T09:35:08","date_gmt":"2023-11-18T08:35:08","guid":{"rendered":"http:\/\/geschwister-scholl-schule-niedergirmes.de\/?page_id=3938"},"modified":"2023-11-18T09:37:54","modified_gmt":"2023-11-18T08:37:54","slug":"sportliche-abteilung","status":"publish","type":"page","link":"https:\/\/geschwister-scholl-schule-niedergirmes.de\/?page_id=3938","title":{"rendered":"sportliche Abteilung"},"content":{"rendered":"<p><strong>\u201eHandball-Grundschulaktionstag 2023\u201c<\/strong><\/p>\n<p><strong>\u201eBegeisterung und Teamgeist in den Grundschulen Garbenheim und der Geschwister-Scholl-Schule in Wetzlar-Niedergirmes\u201c<\/strong><\/p>\n<p><strong>\u00a0<\/strong><\/p>\n<p>Eine Feier des Handballs fand am vergangenen Donnerstag und Freitag statt, als die Grundschule in Garbenheim und die Geschwister-Scholl-Schule in Wetzlar-Niedergirmes in Zusammenarbeit mit dem SV Wetzlar-Niedergirmes den diesj\u00e4hrigen Handball-Grundschulaktionstag ausrichteten. Unter der Leitung von Sportkoordinator der beiden Schulen Daniel Steuernagel und Trainerin Julia Nuhn vom SV Wetzlar-Niedergirmes erlebten die Sch\u00fcler ein aufregendes und lehrreiches Event.<\/p>\n<p>Zum dritten Mal in Folge organisierte der SV Wetzlar-Niedergirmes mit Daniel Steuernagel diesen Tag, der darauf abzielte, den Sch\u00fclern der vierten Klasse die Faszination des Handballsports n\u00e4herzubringen. Daniel Steuernagel ordnete in den beiden Schulen jeweils zwei Gruppen, die nach Geschlechtern getrennt waren, um ein Training f\u00fcr M\u00e4dchen und Jungen zu erm\u00f6glichen.<\/p>\n<p>Die ca. 120 Sch\u00fcler wurden von der begeisterten SV-Trainerin Julia Nuhn in vier jeweils 90-min\u00fctigen Trainingseinheiten in die Welt des Handballs eingef\u00fchrt. Angefangen beim Umgang mit einem gro\u00dfen Pezzi-Gymnastikball bis hin zum Handballspiel selbst wurden die Kinder mit verschiedenen \u00dcbungsformen und Spielen begeistert.<\/p>\n<p>\u201eEs geht nicht nur um den Sport an sich, sondern auch um den Zusammenhalt und die Freude am gemeinsamen Spiel\u201c, betont Trainerin Julia Nuhn, die mit ihrer Energie und Leidenschaft die Begeisterung der jungen Spielerinnen und Spieler f\u00fcr Handball weckte.<\/p>\n<p>Ein H\u00f6hepunkt des Tages war zweifellos das Abschlussspiel, bei dem die Sch\u00fcler die M\u00f6glichkeit hatten, ihr neues Wissen und ihre F\u00e4higkeiten unter Beweis zu stellen. Das strahlende L\u00e4cheln auf den Gesichtern der Teilnehmer zeugte von ihrer Freude und ihrem Stolz \u00fcber das Erreichte.<\/p>\n<p>Das gemeinschaftliche Mannschaftsfoto, das den Tag abschloss, symbolisierte nicht nur den Spa\u00df, sondern auch den Teamgeist und die Einheit, die w\u00e4hrend des Aktionstags erlebt wurden.<\/p>\n<p>Daniel Steuernagel zeigte sich hocherfreut \u00fcber den gelungenen Ablauf und die positiven R\u00fcckmeldungen der Sch\u00fcler. \u201eDer Handball-Grundschulaktionstag erm\u00f6glicht nicht nur das Erlernen sportlicher F\u00e4higkeiten, sondern f\u00f6rdert auch wichtige soziale Kompetenzen wie Teamarbeit und Fairplay\u201c, kommentierte er begeistert.<\/p>\n<p>Die gelungene Zusammenarbeit zwischen den beiden Schulen und dem SV Wetzlar-Niedergirmes hat nicht nur die Leidenschaft f\u00fcr den Handballsport gest\u00e4rkt, sondern auch Werte wie Zusammenhalt und Respekt vermittelt. Mit neuen F\u00e4higkeiten, strahlenden Gesichtern und einer gesteigerten Begeisterung f\u00fcr Handball verabschiedeten sich die Sch\u00fcler in Vorfreude auf weitere sportliche Abenteuer und wer wei\u00df, vielleicht finden die Kids den Weg in die Halle zum Handballtraining des SV Wetzlar-Niedergirmes.<\/p>\n<p>&nbsp;<\/p>\n<p>J\u00f6rg Sch\u00f6nberger<\/p>\n<p>Abteilungsleiter SV Wetzlar-Niedergirmes e.V.<\/p>\n<p>&nbsp;<\/p>\n<p><a href=\"https:\/\/geschwister-scholl-schule-niedergirmes.de\/?attachment_id=3941\" rel=\"attachment wp-att-3941\"><img loading=\"lazy\" decoding=\"async\" class=\"size-large wp-image-3941 alignnone\" src=\"https:\/\/geschwister-scholl-schule-niedergirmes.de\/wp-content\/uploads\/2023\/11\/Hanballaktionstag_Jungs_2023-1024x768.jpg\" alt=\"\" width=\"900\" height=\"675\" srcset=\"https:\/\/geschwister-scholl-schule-niedergirmes.de\/wp-content\/uploads\/2023\/11\/Hanballaktionstag_Jungs_2023-1024x768.jpg 1024w, https:\/\/geschwister-scholl-schule-niedergirmes.de\/wp-content\/uploads\/2023\/11\/Hanballaktionstag_Jungs_2023-300x225.jpg 300w, https:\/\/geschwister-scholl-schule-niedergirmes.de\/wp-content\/uploads\/2023\/11\/Hanballaktionstag_Jungs_2023-768x576.jpg 768w, https:\/\/geschwister-scholl-schule-niedergirmes.de\/wp-content\/uploads\/2023\/11\/Hanballaktionstag_Jungs_2023-1536x1152.jpg 1536w, https:\/\/geschwister-scholl-schule-niedergirmes.de\/wp-content\/uploads\/2023\/11\/Hanballaktionstag_Jungs_2023.jpg 1600w\" sizes=\"auto, (max-width: 900px) 100vw, 900px\" \/><\/a><\/p>\n<p><a href=\"https:\/\/geschwister-scholl-schule-niedergirmes.de\/?attachment_id=3942\" rel=\"attachment wp-att-3942\"><img loading=\"lazy\" decoding=\"async\" class=\"size-large wp-image-3942 alignnone\" src=\"https:\/\/geschwister-scholl-schule-niedergirmes.de\/wp-content\/uploads\/2023\/11\/Hanballaktionstag_M\u00e4dchen_2023-1024x576.jpg\" alt=\"\" width=\"900\" height=\"506\" srcset=\"https:\/\/geschwister-scholl-schule-niedergirmes.de\/wp-content\/uploads\/2023\/11\/Hanballaktionstag_M\u00e4dchen_2023-1024x576.jpg 1024w, https:\/\/geschwister-scholl-schule-niedergirmes.de\/wp-content\/uploads\/2023\/11\/Hanballaktionstag_M\u00e4dchen_2023-300x169.jpg 300w, https:\/\/geschwister-scholl-schule-niedergirmes.de\/wp-content\/uploads\/2023\/11\/Hanballaktionstag_M\u00e4dchen_2023-768x432.jpg 768w, https:\/\/geschwister-scholl-schule-niedergirmes.de\/wp-content\/uploads\/2023\/11\/Hanballaktionstag_M\u00e4dchen_2023-1536x864.jpg 1536w, https:\/\/geschwister-scholl-schule-niedergirmes.de\/wp-content\/uploads\/2023\/11\/Hanballaktionstag_M\u00e4dchen_2023.jpg 1600w\" sizes=\"auto, (max-width: 900px) 100vw, 900px\" \/><\/a><\/p>\n","protected":false},"excerpt":{"rendered":"<p>\u201eHandball-Grundschulaktionstag 2023\u201c \u201eBegeisterung und Teamgeist in den Grundschulen Garbenheim und der Geschwister-Scholl-Schule in Wetzlar-Niedergirmes\u201c \u00a0 Eine Feier des Handballs fand am vergangenen Donnerstag und Freitag statt, als die Grundschule in Garbenheim und die Geschwister-Scholl-Schule in Wetzlar-Niedergirmes in Zusammenarbeit mit dem SV Wetzlar-Niedergirmes den diesj\u00e4hrigen Handball-Grundschulaktionstag ausrichteten. Unter der Leitung von Sportkoordinator der beiden Schulen Daniel Steuernagel und Trainerin Julia Nuhn vom SV Wetzlar-Niedergirmes erlebten die Sch\u00fcler ein aufregendes und lehrreiches Event. Zum dritten Mal in Folge organisierte der SV Wetzlar-Niedergirmes mit Daniel Steuernagel diesen Tag, der darauf abzielte, den Sch\u00fclern der vierten Klasse die Faszination des Handballsports n\u00e4herzubringen. Daniel Steuernagel ordnete in den beiden Schulen jeweils zwei Gruppen, die nach Geschlechtern getrennt waren, um ein Training f\u00fcr M\u00e4dchen und Jungen zu erm\u00f6glichen. Die ca. 120 Sch\u00fcler wurden von der begeisterten SV-Trainerin Julia Nuhn in vier jeweils 90-min\u00fctigen Trainingseinheiten in die Welt des Handballs eingef\u00fchrt. Angefangen beim Umgang mit einem gro\u00dfen Pezzi-Gymnastikball bis hin zum Handballspiel selbst wurden die Kinder mit verschiedenen \u00dcbungsformen und Spielen begeistert. \u201eEs geht nicht nur um den Sport an sich, sondern auch um den Zusammenhalt und die Freude am gemeinsamen Spiel\u201c, betont Trainerin Julia Nuhn, die mit ihrer Energie und Leidenschaft die Begeisterung der jungen Spielerinnen und Spieler f\u00fcr Handball weckte. Ein H\u00f6hepunkt des Tages war zweifellos das Abschlussspiel, bei dem die Sch\u00fcler die M\u00f6glichkeit hatten, ihr neues Wissen und ihre F\u00e4higkeiten unter Beweis zu stellen. Das strahlende L\u00e4cheln auf den Gesichtern der Teilnehmer zeugte von ihrer Freude und ihrem Stolz \u00fcber das Erreichte. Das gemeinschaftliche Mannschaftsfoto, das den Tag abschloss, symbolisierte nicht nur den Spa\u00df, sondern auch den Teamgeist und die Einheit, die w\u00e4hrend des Aktionstags erlebt wurden. Daniel Steuernagel zeigte sich hocherfreut \u00fcber den gelungenen Ablauf und die positiven R\u00fcckmeldungen der Sch\u00fcler. \u201eDer Handball-Grundschulaktionstag erm\u00f6glicht nicht nur das Erlernen sportlicher F\u00e4higkeiten, sondern f\u00f6rdert auch wichtige soziale Kompetenzen wie Teamarbeit und Fairplay\u201c, kommentierte er begeistert. Die gelungene Zusammenarbeit zwischen den beiden Schulen und dem SV Wetzlar-Niedergirmes hat nicht nur die Leidenschaft f\u00fcr den Handballsport gest\u00e4rkt, sondern auch Werte wie Zusammenhalt und Respekt vermittelt. Mit neuen F\u00e4higkeiten, strahlenden Gesichtern und einer gesteigerten Begeisterung f\u00fcr Handball verabschiedeten sich die Sch\u00fcler in Vorfreude auf weitere sportliche Abenteuer und wer wei\u00df, vielleicht finden die Kids den Weg in die Halle zum Handballtraining des SV Wetzlar-Niedergirmes. &nbsp; J\u00f6rg Sch\u00f6nberger Abteilungsleiter SV Wetzlar-Niedergirmes e.V. &nbsp;<\/p>\n","protected":false},"author":1,"featured_media":0,"parent":0,"menu_order":0,"comment_status":"closed","ping_status":"closed","template":"","meta":{"footnotes":""},"class_list":["post-3938","page","type-page","status-publish","hentry"],"_links":{"self":[{"href":"https:\/\/geschwister-scholl-schule-niedergirmes.de\/index.php?rest_route=\/wp\/v2\/pages\/3938","targetHints":{"allow":["GET"]}}],"collection":[{"href":"https:\/\/geschwister-scholl-schule-niedergirmes.de\/index.php?rest_route=\/wp\/v2\/pages"}],"about":[{"href":"https:\/\/geschwister-scholl-schule-niedergirmes.de\/index.php?rest_route=\/wp\/v2\/types\/page"}],"author":[{"embeddable":true,"href":"https:\/\/geschwister-scholl-schule-niedergirmes.de\/index.php?rest_route=\/wp\/v2\/users\/1"}],"replies":[{"embeddable":true,"href":"https:\/\/geschwister-scholl-schule-niedergirmes.de\/index.php?rest_route=%2Fwp%2Fv2%2Fcomments&post=3938"}],"version-history":[{"count":3,"href":"https:\/\/geschwister-scholl-schule-niedergirmes.de\/index.php?rest_route=\/wp\/v2\/pages\/3938\/revisions"}],"predecessor-version":[{"id":3946,"href":"https:\/\/geschwister-scholl-schule-niedergirmes.de\/index.php?rest_route=\/wp\/v2\/pages\/3938\/revisions\/3946"}],"wp:attachment":[{"href":"https:\/\/geschwister-scholl-schule-niedergirmes.de\/index.php?rest_route=%2Fwp%2Fv2%2Fmedia&parent=3938"}],"curies":[{"name":"wp","href":"https:\/\/api.w.org\/{rel}","templated":true}]}}